{"id":11576,"date":"2022-02-24T14:09:01","date_gmt":"2022-02-24T14:09:01","guid":{"rendered":"http:\/\/benitomo.com\/?page_id=11576"},"modified":"2023-11-15T12:04:03","modified_gmt":"2023-11-15T17:04:03","slug":"novedades-motos","status":"publish","type":"page","link":"https:\/\/benitomo.com\/en\/novedades-motos\/","title":{"rendered":"Novedades &#8211; Motos"},"content":{"rendered":"\t\t<div data-elementor-type=\"wp-page\" data-elementor-id=\"11576\" class=\"elementor elementor-11576\" data-elementor-post-type=\"page\">\n\t\t\t\t\t\t<section class=\"elementor-section elementor-top-section elementor-element elementor-element-883223a elementor-section-full_width elementor-section-stretched elementor-section-height-default elementor-section-height-default\" data-id=\"883223a\" data-element_type=\"section\" data-e-type=\"section\" data-settings=\"{&quot;background_background&quot;:&quot;classic&quot;,&quot;stretch_section&quot;:&quot;section-stretched&quot;}\">\n\t\t\t\t\t\t<div class=\"elementor-container elementor-column-gap-no\">\n\t\t\t\t\t<div class=\"elementor-column elementor-col-100 elementor-top-column elementor-element elementor-element-60ec791\" data-id=\"60ec791\" data-element_type=\"column\" data-e-type=\"column\">\n\t\t\t<div class=\"elementor-widget-wrap elementor-element-populated\">\n\t\t\t\t\t\t<div class=\"elementor-element elementor-element-6d66c75 elementor-widget elementor-widget-slider_revolution\" data-id=\"6d66c75\" data-element_type=\"widget\" data-e-type=\"widget\" data-widget_type=\"slider_revolution.default\">\n\t\t\t\t<div class=\"elementor-widget-container\">\n\t\t\t\t\t\r\n\t\t<div class=\"wp-block-themepunch-revslider\">\n\t\t\t<!-- START Novedades REVOLUTION SLIDER 6.5.31 --><p class=\"rs-p-wp-fix\"><\/p>\n\t\t\t<rs-module-wrap id=\"rev_slider_2_1_wrapper\" data-source=\"gallery\" style=\"visibility:hidden;background:transparent;padding:0;margin:0px auto;margin-top:0;margin-bottom:0;\">\n\t\t\t\t<rs-module id=\"rev_slider_2_1\" style=\"\" data-version=\"6.5.31\">\n\t\t\t\t\t<rs-slides>\n\t\t\t\t\t\t<rs-slide style=\"position: absolute;\" data-key=\"rs-2\" data-title=\"48 horas\" data-in=\"o:0;\" data-out=\"a:false;\">\n\t\t\t\t\t\t\t<img decoding=\"async\" src=\"\/\/benitomo.com\/wp-content\/plugins\/revslider\/public\/assets\/assets\/dummy.png\" alt=\"48 horas\" title=\"Novedades &#8211; Motos\" class=\"rev-slidebg tp-rs-img rs-lazyload\" data-lazyload=\"\/\/benitomo.com\/wp-content\/plugins\/revslider\/public\/assets\/assets\/transparent.png\" data-no-retina>\n<!--\n\t\t\t\t\t\t\t--><rs-layer\n\t\t\t\t\t\t\t\tid=\"slider-2-slide-2-layer-0\" \n\t\t\t\t\t\t\t\tdata-type=\"image\"\n\t\t\t\t\t\t\t\tdata-rsp_ch=\"on\"\n\t\t\t\t\t\t\t\tdata-xy=\"x:l,c,c,c;xo:-216px,0,0,0;y:t,m,m,m;yo:-34px,0,0,0;\"\n\t\t\t\t\t\t\t\tdata-text=\"w:normal;s:20,12,9,5;l:0,16,12,7;\"\n\t\t\t\t\t\t\t\tdata-dim=\"w:1843px,1141px,866px,534px;h:614px,380px,288px,177px;\"\n\t\t\t\t\t\t\t\tdata-frame_999=\"o:0;st:w;\"\n\t\t\t\t\t\t\t\tstyle=\"z-index:5;\"\n\t\t\t\t\t\t\t><img fetchpriority=\"high\" decoding=\"async\" src=\"\/\/benitomo.com\/wp-content\/plugins\/revslider\/public\/assets\/assets\/dummy.png\" alt=\"\" class=\"tp-rs-img rs-lazyload\" width=\"2560\" height=\"853\" data-lazyload=\"\/\/benitomo.com\/wp-content\/uploads\/2021\/12\/banner10-1.jpg\" data-no-retina> \n\t\t\t\t\t\t\t<\/rs-layer><!--\n\n\t\t\t\t\t\t\t--><rs-layer\n\t\t\t\t\t\t\t\tid=\"slider-2-slide-2-layer-1\" \n\t\t\t\t\t\t\t\tdata-type=\"text\"\n\t\t\t\t\t\t\t\tdata-rsp_ch=\"on\"\n\t\t\t\t\t\t\t\tdata-xy=\"xo:678px,502px,365px,228px;yo:17px,16px,9px,8px;\"\n\t\t\t\t\t\t\t\tdata-text=\"w:normal;s:56,29,28,15;l:57,29,29,16;fw:600;\"\n\t\t\t\t\t\t\t\tdata-dim=\"h:auto,32px,auto,auto;\"\n\t\t\t\t\t\t\t\tdata-frame_999=\"o:0;st:w;\"\n\t\t\t\t\t\t\t\tstyle=\"z-index:6;font-family:'Raleway';\"\n\t\t\t\t\t\t\t>48 HORAS \n\t\t\t\t\t\t\t<\/rs-layer><!--\n-->\t\t\t\t\t\t<\/rs-slide>\n\t\t\t\t\t\t<rs-slide style=\"position: absolute;\" data-key=\"rs-3\" data-title=\"Renovando\" data-in=\"o:0;\" data-out=\"a:false;\">\n\t\t\t\t\t\t\t<img decoding=\"async\" src=\"\/\/benitomo.com\/wp-content\/plugins\/revslider\/public\/assets\/assets\/dummy.png\" alt=\"Renovando\" title=\"Novedades &#8211; Motos\" class=\"rev-slidebg tp-rs-img rs-lazyload\" data-lazyload=\"\/\/benitomo.com\/wp-content\/plugins\/revslider\/public\/assets\/assets\/transparent.png\" data-no-retina>\n<!--\n\t\t\t\t\t\t\t--><a\n\t\t\t\t\t\t\t\tid=\"slider-2-slide-3-layer-2\" \n\t\t\t\t\t\t\t\tclass=\"rs-layer\"\n\t\t\t\t\t\t\t\thref=\"\/renovando-para-ti\" target=\"_self\"\n\t\t\t\t\t\t\t\tdata-type=\"image\"\n\t\t\t\t\t\t\t\tdata-rsp_ch=\"on\"\n\t\t\t\t\t\t\t\tdata-xy=\"xo:-81px,-43px,-32px,-19px;yo:0,-4px,-3px,-1px;\"\n\t\t\t\t\t\t\t\tdata-text=\"w:normal;s:20,12,9,5;l:0,16,12,7;\"\n\t\t\t\t\t\t\t\tdata-dim=\"w:1687px,1076px,817px,504px;h:562px,359px,272px,167px;\"\n\t\t\t\t\t\t\t\tdata-frame_999=\"o:0;st:w;\"\n\t\t\t\t\t\t\t\tstyle=\"z-index:5;\"\n\t\t\t\t\t\t\t><img decoding=\"async\" src=\"\/\/benitomo.com\/wp-content\/plugins\/revslider\/public\/assets\/assets\/dummy.png\" alt=\"\" class=\"tp-rs-img rs-lazyload\" width=\"2560\" height=\"853\" data-lazyload=\"\/\/benitomo.com\/wp-content\/uploads\/2022\/08\/banner-novedades-ben-24-05-2022-v2-min.jpg\" data-no-retina> \n\t\t\t\t\t\t\t<\/a><!--\n-->\t\t\t\t\t\t<\/rs-slide>\n\t\t\t\t\t<\/rs-slides>\n\t\t\t\t<\/rs-module>\n\t\t\t\t<script>\n\t\t\t\t\tsetREVStartSize({c: 'rev_slider_2_1',rl:[1240,1024,778,480],el:[559,353,268,167],gw:[1600,1024,778,480],gh:[559,353,268,167],type:'standard',justify:'',layout:'fullwidth',mh:\"0\"});if (window.RS_MODULES!==undefined && window.RS_MODULES.modules!==undefined && window.RS_MODULES.modules[\"revslider21\"]!==undefined) {window.RS_MODULES.modules[\"revslider21\"].once = false;window.revapi2 = undefined;if (window.RS_MODULES.checkMinimal!==undefined) window.RS_MODULES.checkMinimal()}\n\t\t\t\t<\/script>\n\t\t\t<\/rs-module-wrap>\n\t\t\t<!-- END REVOLUTION SLIDER -->\n<\/div>\r\n\r\n\t\t\t\t\t\t<\/div>\n\t\t\t\t<\/div>\n\t\t\t\t\t<\/div>\n\t\t<\/div>\n\t\t\t\t\t<\/div>\n\t\t<\/section>\n\t\t\t\t<section class=\"elementor-section elementor-top-section elementor-element elementor-element-a20ee3e elementor-section-boxed elementor-section-height-default elementor-section-height-default\" data-id=\"a20ee3e\" data-element_type=\"section\" data-e-type=\"section\" data-settings=\"{&quot;background_background&quot;:&quot;classic&quot;}\">\n\t\t\t\t\t\t<div class=\"elementor-container elementor-column-gap-default\">\n\t\t\t\t\t<div class=\"elementor-column elementor-col-100 elementor-top-column elementor-element elementor-element-f407c8b\" data-id=\"f407c8b\" data-element_type=\"column\" data-e-type=\"column\" data-settings=\"{&quot;background_background&quot;:&quot;classic&quot;}\">\n\t\t\t<div class=\"elementor-widget-wrap elementor-element-populated\">\n\t\t\t\t\t\t<section class=\"elementor-section elementor-inner-section elementor-element elementor-element-a7a1bca elementor-section-boxed elementor-section-height-default elementor-section-height-default\" data-id=\"a7a1bca\" data-element_type=\"section\" data-e-type=\"section\">\n\t\t\t\t\t\t<div class=\"elementor-container elementor-column-gap-default\">\n\t\t\t\t\t<div class=\"elementor-column elementor-col-33 elementor-inner-column elementor-element elementor-element-5e3312c\" data-id=\"5e3312c\" data-element_type=\"column\" data-e-type=\"column\" data-settings=\"{&quot;background_background&quot;:&quot;classic&quot;}\">\n\t\t\t<div class=\"elementor-widget-wrap elementor-element-populated\">\n\t\t\t\t\t\t<div class=\"elementor-element elementor-element-d01d029 elementor-widget elementor-widget-image\" data-id=\"d01d029\" data-element_type=\"widget\" data-e-type=\"widget\" data-widget_type=\"image.default\">\n\t\t\t\t<div class=\"elementor-widget-container\">\n\t\t\t\t\t\t\t\t\t\t\t\t\t\t\t<img decoding=\"async\" width=\"516\" height=\"432\" src=\"https:\/\/benitomo.com\/wp-content\/uploads\/2021\/12\/48horas.jpg\" class=\"attachment-large size-large wp-image-1483\" alt=\"\" srcset=\"https:\/\/benitomo.com\/wp-content\/uploads\/2021\/12\/48horas.jpg 516w, https:\/\/benitomo.com\/wp-content\/uploads\/2021\/12\/48horas-300x251.jpg 300w\" sizes=\"(max-width: 516px) 100vw, 516px\" \/>\t\t\t\t\t\t\t\t\t\t\t\t\t\t\t<\/div>\n\t\t\t\t<\/div>\n\t\t\t\t\t<\/div>\n\t\t<\/div>\n\t\t\t\t<div class=\"elementor-column elementor-col-33 elementor-inner-column elementor-element elementor-element-763c612\" data-id=\"763c612\" data-element_type=\"column\" data-e-type=\"column\" data-settings=\"{&quot;background_background&quot;:&quot;classic&quot;}\">\n\t\t\t<div class=\"elementor-widget-wrap\">\n\t\t\t\t\t\t\t<\/div>\n\t\t<\/div>\n\t\t\t\t<div class=\"elementor-column elementor-col-33 elementor-inner-column elementor-element elementor-element-fbca1bf\" data-id=\"fbca1bf\" data-element_type=\"column\" data-e-type=\"column\" data-settings=\"{&quot;background_background&quot;:&quot;classic&quot;}\">\n\t\t\t<div class=\"elementor-widget-wrap elementor-element-populated\">\n\t\t\t\t\t\t<div class=\"elementor-element elementor-element-10b7ebc elementor-widget elementor-widget-text-editor\" data-id=\"10b7ebc\" data-element_type=\"widget\" data-e-type=\"widget\" data-widget_type=\"text-editor.default\">\n\t\t\t\t<div class=\"elementor-widget-container\">\n\t\t\t\t\t\t\t\t\tCON DISPONIBILIDAD DE PARTES,<br> <strong>TUS VENTAS NUNCA SE DETIENEN<\/strong>\t\t\t\t\t\t\t\t<\/div>\n\t\t\t\t<\/div>\n\t\t\t\t<div class=\"elementor-element elementor-element-1c7d298 elementor-widget elementor-widget-text-editor\" data-id=\"1c7d298\" data-element_type=\"widget\" data-e-type=\"widget\" data-widget_type=\"text-editor.default\">\n\t\t\t\t<div class=\"elementor-widget-container\">\n\t\t\t\t\t\t\t\t\t<p><span style=\"font-weight: 400;\">Comprometidos con tu crecimiento, agilizamos los pedidos con\u00a0 procesos de empaque de 48 HORAS* m\u00e1ximo garantizado.<\/span><\/p>\t\t\t\t\t\t\t\t<\/div>\n\t\t\t\t<\/div>\n\t\t\t\t<div class=\"elementor-element elementor-element-2d37fd7 elementor-widget elementor-widget-text-editor\" data-id=\"2d37fd7\" data-element_type=\"widget\" data-e-type=\"widget\" data-widget_type=\"text-editor.default\">\n\t\t\t\t<div class=\"elementor-widget-container\">\n\t\t\t\t\t\t\t\t\t<ul>\n \t<li><span style=\"font-weight: 400;\"><strong>EMPAQUE 48 HORAS*<\/strong> o 2 d\u00edas h\u00e1biles, una vez confirmada la mercanc\u00eda en sistema.<\/span><\/li>\n \t<li><span style=\"font-weight: 400;\"> No aplica para Mercanc\u00eda Futura (FUTS) por ser mercanc\u00eda en tr\u00e1nsito desde f\u00e1brica.<\/span><\/li>\n<\/ul>\t\t\t\t\t\t\t\t<\/div>\n\t\t\t\t<\/div>\n\t\t\t\t\t<\/div>\n\t\t<\/div>\n\t\t\t\t\t<\/div>\n\t\t<\/section>\n\t\t\t\t\t<\/div>\n\t\t<\/div>\n\t\t\t\t\t<\/div>\n\t\t<\/section>\n\t\t\t\t<section class=\"elementor-section elementor-top-section elementor-element elementor-element-345b6d3 elementor-section-boxed elementor-section-height-default elementor-section-height-default\" data-id=\"345b6d3\" data-element_type=\"section\" data-e-type=\"section\" data-settings=\"{&quot;background_background&quot;:&quot;classic&quot;}\">\n\t\t\t\t\t\t<div class=\"elementor-container elementor-column-gap-default\">\n\t\t\t\t\t<div class=\"elementor-column elementor-col-20 elementor-top-column elementor-element elementor-element-9175ee5\" data-id=\"9175ee5\" data-element_type=\"column\" data-e-type=\"column\">\n\t\t\t<div class=\"elementor-widget-wrap elementor-element-populated\">\n\t\t\t\t\t\t<div class=\"elementor-element elementor-element-ba63d5c elementor-widget elementor-widget-image\" data-id=\"ba63d5c\" data-element_type=\"widget\" data-e-type=\"widget\" data-widget_type=\"image.default\">\n\t\t\t\t<div class=\"elementor-widget-container\">\n\t\t\t\t\t\t\t\t\t\t\t\t\t\t\t\t<a href=\"\/novedades\/\">\n\t\t\t\t\t\t\t<img loading=\"lazy\" decoding=\"async\" width=\"236\" height=\"118\" src=\"https:\/\/benitomo.com\/wp-content\/uploads\/2022\/02\/carro-novedades-1.jpg\" class=\"attachment-full size-full wp-image-11600\" alt=\"\" \/>\t\t\t\t\t\t\t\t<\/a>\n\t\t\t\t\t\t\t\t\t\t\t\t\t\t\t<\/div>\n\t\t\t\t<\/div>\n\t\t\t\t\t<\/div>\n\t\t<\/div>\n\t\t\t\t<div class=\"elementor-column elementor-col-20 elementor-top-column elementor-element elementor-element-a4d027b\" data-id=\"a4d027b\" data-element_type=\"column\" data-e-type=\"column\">\n\t\t\t<div class=\"elementor-widget-wrap elementor-element-populated\">\n\t\t\t\t\t\t<div class=\"elementor-element elementor-element-bdffeef elementor-widget elementor-widget-image\" data-id=\"bdffeef\" data-element_type=\"widget\" data-e-type=\"widget\" data-widget_type=\"image.default\">\n\t\t\t\t<div class=\"elementor-widget-container\">\n\t\t\t\t\t\t\t\t\t\t\t\t\t\t\t<img loading=\"lazy\" decoding=\"async\" width=\"236\" height=\"118\" src=\"https:\/\/benitomo.com\/wp-content\/uploads\/2021\/12\/marcas-motopartes.jpg\" class=\"attachment-full size-full wp-image-1167\" alt=\"\" \/>\t\t\t\t\t\t\t\t\t\t\t\t\t\t\t<\/div>\n\t\t\t\t<\/div>\n\t\t\t\t\t<\/div>\n\t\t<\/div>\n\t\t\t\t<div class=\"elementor-column elementor-col-20 elementor-top-column elementor-element elementor-element-56df036\" data-id=\"56df036\" data-element_type=\"column\" data-e-type=\"column\">\n\t\t\t<div class=\"elementor-widget-wrap elementor-element-populated\">\n\t\t\t\t\t\t<div class=\"elementor-element elementor-element-f8f8fc7 elementor-widget elementor-widget-image\" data-id=\"f8f8fc7\" data-element_type=\"widget\" data-e-type=\"widget\" data-widget_type=\"image.default\">\n\t\t\t\t<div class=\"elementor-widget-container\">\n\t\t\t\t\t\t\t\t\t\t\t\t\t\t\t\t<a href=\"https:\/\/benitomo.com\/?page_id=13453&#038;preview=true\">\n\t\t\t\t\t\t\t<img loading=\"lazy\" decoding=\"async\" width=\"236\" height=\"118\" src=\"https:\/\/benitomo.com\/wp-content\/uploads\/2021\/12\/camion-novedades.jpg\" class=\"attachment-2048x2048 size-2048x2048 wp-image-1476\" alt=\"\" \/>\t\t\t\t\t\t\t\t<\/a>\n\t\t\t\t\t\t\t\t\t\t\t\t\t\t\t<\/div>\n\t\t\t\t<\/div>\n\t\t\t\t\t<\/div>\n\t\t<\/div>\n\t\t\t\t<div class=\"elementor-column elementor-col-20 elementor-top-column elementor-element elementor-element-facff86\" data-id=\"facff86\" data-element_type=\"column\" data-e-type=\"column\" data-settings=\"{&quot;background_background&quot;:&quot;classic&quot;}\">\n\t\t\t<div class=\"elementor-widget-wrap elementor-element-populated\">\n\t\t\t\t\t\t<div class=\"elementor-element elementor-element-3fe42a4 elementor-widget elementor-widget-text-editor\" data-id=\"3fe42a4\" data-element_type=\"widget\" data-e-type=\"widget\" data-widget_type=\"text-editor.default\">\n\t\t\t\t<div class=\"elementor-widget-container\">\n\t\t\t\t\t\t\t\t\t<p>NOVEDADES<\/p>\t\t\t\t\t\t\t\t<\/div>\n\t\t\t\t<\/div>\n\t\t\t\t\t<\/div>\n\t\t<\/div>\n\t\t\t\t<div class=\"elementor-column elementor-col-20 elementor-top-column elementor-element elementor-element-0553f30\" data-id=\"0553f30\" data-element_type=\"column\" data-e-type=\"column\" data-settings=\"{&quot;background_background&quot;:&quot;classic&quot;}\">\n\t\t\t<div class=\"elementor-widget-wrap elementor-element-populated\">\n\t\t\t\t\t\t\t<\/div>\n\t\t<\/div>\n\t\t\t\t\t<\/div>\n\t\t<\/section>\n\t\t\t\t<section class=\"elementor-section elementor-top-section elementor-element elementor-element-01161e0 elementor-section-boxed elementor-section-height-default elementor-section-height-default\" data-id=\"01161e0\" data-element_type=\"section\" data-e-type=\"section\">\n\t\t\t\t\t\t<div class=\"elementor-container elementor-column-gap-default\">\n\t\t\t\t\t<div class=\"elementor-column elementor-col-100 elementor-top-column elementor-element elementor-element-7dba135\" data-id=\"7dba135\" data-element_type=\"column\" data-e-type=\"column\">\n\t\t\t<div class=\"elementor-widget-wrap elementor-element-populated\">\n\t\t\t\t\t\t<div class=\"elementor-element elementor-element-7a043c4 elementor-widget elementor-widget-image\" data-id=\"7a043c4\" data-element_type=\"widget\" data-e-type=\"widget\" data-widget_type=\"image.default\">\n\t\t\t\t<div class=\"elementor-widget-container\">\n\t\t\t\t\t\t\t\t\t\t\t\t\t\t\t<img loading=\"lazy\" decoding=\"async\" width=\"1536\" height=\"1286\" src=\"https:\/\/benitomo.com\/wp-content\/uploads\/2023\/11\/PARTES-MOTO-NOVEDADES-BENITOMO-01-1536x1286.jpg\" class=\"attachment-1536x1536 size-1536x1536 wp-image-13439\" alt=\"\" srcset=\"https:\/\/benitomo.com\/wp-content\/uploads\/2023\/11\/PARTES-MOTO-NOVEDADES-BENITOMO-01-1536x1286.jpg 1536w, https:\/\/benitomo.com\/wp-content\/uploads\/2023\/11\/PARTES-MOTO-NOVEDADES-BENITOMO-01-300x251.jpg 300w, https:\/\/benitomo.com\/wp-content\/uploads\/2023\/11\/PARTES-MOTO-NOVEDADES-BENITOMO-01-1024x857.jpg 1024w, https:\/\/benitomo.com\/wp-content\/uploads\/2023\/11\/PARTES-MOTO-NOVEDADES-BENITOMO-01-768x643.jpg 768w, https:\/\/benitomo.com\/wp-content\/uploads\/2023\/11\/PARTES-MOTO-NOVEDADES-BENITOMO-01-2048x1715.jpg 2048w, https:\/\/benitomo.com\/wp-content\/uploads\/2023\/11\/PARTES-MOTO-NOVEDADES-BENITOMO-01-14x12.jpg 14w\" sizes=\"(max-width: 1536px) 100vw, 1536px\" \/>\t\t\t\t\t\t\t\t\t\t\t\t\t\t\t<\/div>\n\t\t\t\t<\/div>\n\t\t\t\t<div class=\"elementor-element elementor-element-a68ff2a elementor-widget elementor-widget-image\" data-id=\"a68ff2a\" data-element_type=\"widget\" data-e-type=\"widget\" data-widget_type=\"image.default\">\n\t\t\t\t<div class=\"elementor-widget-container\">\n\t\t\t\t\t\t\t\t\t\t\t\t\t\t\t<img loading=\"lazy\" decoding=\"async\" width=\"1536\" height=\"713\" src=\"https:\/\/benitomo.com\/wp-content\/uploads\/2023\/11\/PARTES-MOTO-NOVEDADES-BENITOMO-02-1536x713.jpg\" class=\"attachment-1536x1536 size-1536x1536 wp-image-13438\" alt=\"\" srcset=\"https:\/\/benitomo.com\/wp-content\/uploads\/2023\/11\/PARTES-MOTO-NOVEDADES-BENITOMO-02-1536x713.jpg 1536w, https:\/\/benitomo.com\/wp-content\/uploads\/2023\/11\/PARTES-MOTO-NOVEDADES-BENITOMO-02-300x139.jpg 300w, https:\/\/benitomo.com\/wp-content\/uploads\/2023\/11\/PARTES-MOTO-NOVEDADES-BENITOMO-02-1024x476.jpg 1024w, https:\/\/benitomo.com\/wp-content\/uploads\/2023\/11\/PARTES-MOTO-NOVEDADES-BENITOMO-02-768x357.jpg 768w, https:\/\/benitomo.com\/wp-content\/uploads\/2023\/11\/PARTES-MOTO-NOVEDADES-BENITOMO-02-2048x951.jpg 2048w, https:\/\/benitomo.com\/wp-content\/uploads\/2023\/11\/PARTES-MOTO-NOVEDADES-BENITOMO-02-18x8.jpg 18w\" sizes=\"(max-width: 1536px) 100vw, 1536px\" \/>\t\t\t\t\t\t\t\t\t\t\t\t\t\t\t<\/div>\n\t\t\t\t<\/div>\n\t\t\t\t<div class=\"elementor-element elementor-element-ec3e5c1 elementor-widget elementor-widget-image\" data-id=\"ec3e5c1\" data-element_type=\"widget\" data-e-type=\"widget\" data-widget_type=\"image.default\">\n\t\t\t\t<div class=\"elementor-widget-container\">\n\t\t\t\t\t\t\t\t\t\t\t\t\t\t\t<img loading=\"lazy\" decoding=\"async\" width=\"1536\" height=\"811\" src=\"https:\/\/benitomo.com\/wp-content\/uploads\/2023\/11\/PARTES-MOTO-NOVEDADES-BENITOMO-03-1536x811.jpg\" class=\"attachment-1536x1536 size-1536x1536 wp-image-13437\" alt=\"\" srcset=\"https:\/\/benitomo.com\/wp-content\/uploads\/2023\/11\/PARTES-MOTO-NOVEDADES-BENITOMO-03-1536x811.jpg 1536w, https:\/\/benitomo.com\/wp-content\/uploads\/2023\/11\/PARTES-MOTO-NOVEDADES-BENITOMO-03-300x158.jpg 300w, https:\/\/benitomo.com\/wp-content\/uploads\/2023\/11\/PARTES-MOTO-NOVEDADES-BENITOMO-03-1024x540.jpg 1024w, https:\/\/benitomo.com\/wp-content\/uploads\/2023\/11\/PARTES-MOTO-NOVEDADES-BENITOMO-03-768x405.jpg 768w, https:\/\/benitomo.com\/wp-content\/uploads\/2023\/11\/PARTES-MOTO-NOVEDADES-BENITOMO-03-2048x1081.jpg 2048w, https:\/\/benitomo.com\/wp-content\/uploads\/2023\/11\/PARTES-MOTO-NOVEDADES-BENITOMO-03-18x10.jpg 18w\" sizes=\"(max-width: 1536px) 100vw, 1536px\" \/>\t\t\t\t\t\t\t\t\t\t\t\t\t\t\t<\/div>\n\t\t\t\t<\/div>\n\t\t\t\t<div class=\"elementor-element elementor-element-6535216 elementor-widget elementor-widget-image\" data-id=\"6535216\" data-element_type=\"widget\" data-e-type=\"widget\" data-widget_type=\"image.default\">\n\t\t\t\t<div class=\"elementor-widget-container\">\n\t\t\t\t\t\t\t\t\t\t\t\t\t\t\t<img loading=\"lazy\" decoding=\"async\" width=\"1536\" height=\"1166\" src=\"https:\/\/benitomo.com\/wp-content\/uploads\/2023\/11\/PARTES-MOTO-NOVEDADES-BENITOMO-04-1-1536x1166.jpg\" class=\"attachment-1536x1536 size-1536x1536 wp-image-13436\" alt=\"\" srcset=\"https:\/\/benitomo.com\/wp-content\/uploads\/2023\/11\/PARTES-MOTO-NOVEDADES-BENITOMO-04-1-1536x1166.jpg 1536w, https:\/\/benitomo.com\/wp-content\/uploads\/2023\/11\/PARTES-MOTO-NOVEDADES-BENITOMO-04-1-300x228.jpg 300w, https:\/\/benitomo.com\/wp-content\/uploads\/2023\/11\/PARTES-MOTO-NOVEDADES-BENITOMO-04-1-1024x777.jpg 1024w, https:\/\/benitomo.com\/wp-content\/uploads\/2023\/11\/PARTES-MOTO-NOVEDADES-BENITOMO-04-1-768x583.jpg 768w, https:\/\/benitomo.com\/wp-content\/uploads\/2023\/11\/PARTES-MOTO-NOVEDADES-BENITOMO-04-1-2048x1554.jpg 2048w, https:\/\/benitomo.com\/wp-content\/uploads\/2023\/11\/PARTES-MOTO-NOVEDADES-BENITOMO-04-1-16x12.jpg 16w\" sizes=\"(max-width: 1536px) 100vw, 1536px\" \/>\t\t\t\t\t\t\t\t\t\t\t\t\t\t\t<\/div>\n\t\t\t\t<\/div>\n\t\t\t\t\t<\/div>\n\t\t<\/div>\n\t\t\t\t\t<\/div>\n\t\t<\/section>\n\t\t\t\t<section class=\"elementor-section elementor-top-section elementor-element elementor-element-a1ae175 elementor-section-full_width elementor-section-height-default elementor-section-height-default\" data-id=\"a1ae175\" data-element_type=\"section\" data-e-type=\"section\">\n\t\t\t\t\t\t<div class=\"elementor-container elementor-column-gap-default\">\n\t\t\t\t\t<div class=\"elementor-column elementor-col-100 elementor-top-column elementor-element elementor-element-6e520c5\" data-id=\"6e520c5\" data-element_type=\"column\" data-e-type=\"column\">\n\t\t\t<div class=\"elementor-widget-wrap elementor-element-populated\">\n\t\t\t\t\t\t<div class=\"elementor-element elementor-element-f14ff35 elementor-widget elementor-widget-image\" data-id=\"f14ff35\" data-element_type=\"widget\" data-e-type=\"widget\" data-widget_type=\"image.default\">\n\t\t\t\t<div class=\"elementor-widget-container\">\n\t\t\t\t\t\t\t\t\t\t\t\t\t\t\t<img loading=\"lazy\" decoding=\"async\" width=\"1536\" height=\"783\" src=\"https:\/\/benitomo.com\/wp-content\/uploads\/2023\/11\/PARTES-MOTO-NOVEDADES-BENITOMO-05-1536x783.jpg\" class=\"attachment-1536x1536 size-1536x1536 wp-image-13433\" alt=\"\" srcset=\"https:\/\/benitomo.com\/wp-content\/uploads\/2023\/11\/PARTES-MOTO-NOVEDADES-BENITOMO-05-1536x783.jpg 1536w, https:\/\/benitomo.com\/wp-content\/uploads\/2023\/11\/PARTES-MOTO-NOVEDADES-BENITOMO-05-300x153.jpg 300w, https:\/\/benitomo.com\/wp-content\/uploads\/2023\/11\/PARTES-MOTO-NOVEDADES-BENITOMO-05-1024x522.jpg 1024w, https:\/\/benitomo.com\/wp-content\/uploads\/2023\/11\/PARTES-MOTO-NOVEDADES-BENITOMO-05-768x392.jpg 768w, https:\/\/benitomo.com\/wp-content\/uploads\/2023\/11\/PARTES-MOTO-NOVEDADES-BENITOMO-05-2048x1044.jpg 2048w, https:\/\/benitomo.com\/wp-content\/uploads\/2023\/11\/PARTES-MOTO-NOVEDADES-BENITOMO-05-18x9.jpg 18w\" sizes=\"(max-width: 1536px) 100vw, 1536px\" \/>\t\t\t\t\t\t\t\t\t\t\t\t\t\t\t<\/div>\n\t\t\t\t<\/div>\n\t\t\t\t\t<\/div>\n\t\t<\/div>\n\t\t\t\t\t<\/div>\n\t\t<\/section>\n\t\t\t\t<\/div>\n\t\t","protected":false},"excerpt":{"rendered":"<p>CON DISPONIBILIDAD DE PARTES, TUS VENTAS NUNCA SE DETIENEN Comprometidos con tu crecimiento, agilizamos los pedidos con\u00a0 procesos de empaque de 48 HORAS* m\u00e1ximo garantizado. EMPAQUE 48 HORAS* o 2 d\u00edas h\u00e1biles, una vez confirmada la mercanc\u00eda en sistema. No aplica para Mercanc\u00eda Futura (FUTS) por ser mercanc\u00eda en tr\u00e1nsito desde f\u00e1brica. NOVEDADES<\/p>","protected":false},"author":1,"featured_media":0,"parent":0,"menu_order":0,"comment_status":"closed","ping_status":"closed","template":"elementor_header_footer","meta":{"footnotes":""},"class_list":["post-11576","page","type-page","status-publish","hentry"],"aioseo_notices":[],"_links":{"self":[{"href":"https:\/\/benitomo.com\/en\/wp-json\/wp\/v2\/pages\/11576","targetHints":{"allow":["GET"]}}],"collection":[{"href":"https:\/\/benitomo.com\/en\/wp-json\/wp\/v2\/pages"}],"about":[{"href":"https:\/\/benitomo.com\/en\/wp-json\/wp\/v2\/types\/page"}],"author":[{"embeddable":true,"href":"https:\/\/benitomo.com\/en\/wp-json\/wp\/v2\/users\/1"}],"replies":[{"embeddable":true,"href":"https:\/\/benitomo.com\/en\/wp-json\/wp\/v2\/comments?post=11576"}],"version-history":[{"count":75,"href":"https:\/\/benitomo.com\/en\/wp-json\/wp\/v2\/pages\/11576\/revisions"}],"predecessor-version":[{"id":13457,"href":"https:\/\/benitomo.com\/en\/wp-json\/wp\/v2\/pages\/11576\/revisions\/13457"}],"wp:attachment":[{"href":"https:\/\/benitomo.com\/en\/wp-json\/wp\/v2\/media?parent=11576"}],"curies":[{"name":"wp","href":"https:\/\/api.w.org\/{rel}","templated":true}]}}