{"id":1471,"date":"2021-12-27T20:36:41","date_gmt":"2021-12-27T20:36:41","guid":{"rendered":"http:\/\/benitomo.com\/?page_id=1471"},"modified":"2023-11-15T11:58:47","modified_gmt":"2023-11-15T16:58:47","slug":"novedades","status":"publish","type":"page","link":"https:\/\/benitomo.com\/en\/novedades\/","title":{"rendered":"News"},"content":{"rendered":"\t\t<div data-elementor-type=\"wp-page\" data-elementor-id=\"1471\" class=\"elementor elementor-1471\" data-elementor-post-type=\"page\">\n\t\t\t\t\t\t<section class=\"elementor-section elementor-top-section elementor-element elementor-element-fb71157 elementor-section-full_width elementor-section-stretched elementor-section-height-default elementor-section-height-default\" data-id=\"fb71157\" data-element_type=\"section\" data-e-type=\"section\" data-settings=\"{&quot;background_background&quot;:&quot;classic&quot;,&quot;stretch_section&quot;:&quot;section-stretched&quot;}\">\n\t\t\t\t\t\t<div class=\"elementor-container elementor-column-gap-no\">\n\t\t\t\t\t<div class=\"elementor-column elementor-col-100 elementor-top-column elementor-element elementor-element-9edc284\" data-id=\"9edc284\" data-element_type=\"column\" data-e-type=\"column\">\n\t\t\t<div class=\"elementor-widget-wrap elementor-element-populated\">\n\t\t\t\t\t\t<div class=\"elementor-element elementor-element-cc1107b elementor-widget elementor-widget-slider_revolution\" data-id=\"cc1107b\" data-element_type=\"widget\" data-e-type=\"widget\" data-widget_type=\"slider_revolution.default\">\n\t\t\t\t<div class=\"elementor-widget-container\">\n\t\t\t\t\t\r\n\t\t<div class=\"wp-block-themepunch-revslider\">\n\t\t\t<!-- START Novedades REVOLUTION SLIDER 6.5.31 --><p class=\"rs-p-wp-fix\"><\/p>\n\t\t\t<rs-module-wrap id=\"rev_slider_2_1_wrapper\" data-source=\"gallery\" style=\"visibility:hidden;background:transparent;padding:0;margin:0px auto;margin-top:0;margin-bottom:0;\">\n\t\t\t\t<rs-module id=\"rev_slider_2_1\" style=\"\" data-version=\"6.5.31\">\n\t\t\t\t\t<rs-slides>\n\t\t\t\t\t\t<rs-slide style=\"position: absolute;\" data-key=\"rs-2\" data-title=\"48 horas\" data-in=\"o:0;\" data-out=\"a:false;\">\n\t\t\t\t\t\t\t<img decoding=\"async\" src=\"\/\/benitomo.com\/wp-content\/plugins\/revslider\/public\/assets\/assets\/dummy.png\" alt=\"48 horas\" title=\"Novedades\" class=\"rev-slidebg tp-rs-img rs-lazyload\" data-lazyload=\"\/\/benitomo.com\/wp-content\/plugins\/revslider\/public\/assets\/assets\/transparent.png\" data-no-retina>\n<!--\n\t\t\t\t\t\t\t--><rs-layer\n\t\t\t\t\t\t\t\tid=\"slider-2-slide-2-layer-0\" \n\t\t\t\t\t\t\t\tdata-type=\"image\"\n\t\t\t\t\t\t\t\tdata-rsp_ch=\"on\"\n\t\t\t\t\t\t\t\tdata-xy=\"x:l,c,c,c;xo:-216px,0,0,0;y:t,m,m,m;yo:-34px,0,0,0;\"\n\t\t\t\t\t\t\t\tdata-text=\"w:normal;s:20,12,9,5;l:0,16,12,7;\"\n\t\t\t\t\t\t\t\tdata-dim=\"w:1843px,1141px,866px,534px;h:614px,380px,288px,177px;\"\n\t\t\t\t\t\t\t\tdata-frame_999=\"o:0;st:w;\"\n\t\t\t\t\t\t\t\tstyle=\"z-index:5;\"\n\t\t\t\t\t\t\t><img fetchpriority=\"high\" decoding=\"async\" src=\"\/\/benitomo.com\/wp-content\/plugins\/revslider\/public\/assets\/assets\/dummy.png\" alt=\"\" class=\"tp-rs-img rs-lazyload\" width=\"2560\" height=\"853\" data-lazyload=\"\/\/benitomo.com\/wp-content\/uploads\/2021\/12\/banner10-1.jpg\" data-no-retina> \n\t\t\t\t\t\t\t<\/rs-layer><!--\n\n\t\t\t\t\t\t\t--><rs-layer\n\t\t\t\t\t\t\t\tid=\"slider-2-slide-2-layer-1\" \n\t\t\t\t\t\t\t\tdata-type=\"text\"\n\t\t\t\t\t\t\t\tdata-rsp_ch=\"on\"\n\t\t\t\t\t\t\t\tdata-xy=\"xo:678px,502px,365px,228px;yo:17px,16px,9px,8px;\"\n\t\t\t\t\t\t\t\tdata-text=\"w:normal;s:56,29,28,15;l:57,29,29,16;fw:600;\"\n\t\t\t\t\t\t\t\tdata-dim=\"h:auto,32px,auto,auto;\"\n\t\t\t\t\t\t\t\tdata-frame_999=\"o:0;st:w;\"\n\t\t\t\t\t\t\t\tstyle=\"z-index:6;font-family:'Raleway';\"\n\t\t\t\t\t\t\t>48 HORAS \n\t\t\t\t\t\t\t<\/rs-layer><!--\n-->\t\t\t\t\t\t<\/rs-slide>\n\t\t\t\t\t\t<rs-slide style=\"position: absolute;\" data-key=\"rs-3\" data-title=\"Renovando\" data-in=\"o:0;\" data-out=\"a:false;\">\n\t\t\t\t\t\t\t<img decoding=\"async\" src=\"\/\/benitomo.com\/wp-content\/plugins\/revslider\/public\/assets\/assets\/dummy.png\" alt=\"Renovando\" title=\"Novedades\" class=\"rev-slidebg tp-rs-img rs-lazyload\" data-lazyload=\"\/\/benitomo.com\/wp-content\/plugins\/revslider\/public\/assets\/assets\/transparent.png\" data-no-retina>\n<!--\n\t\t\t\t\t\t\t--><a\n\t\t\t\t\t\t\t\tid=\"slider-2-slide-3-layer-2\" \n\t\t\t\t\t\t\t\tclass=\"rs-layer\"\n\t\t\t\t\t\t\t\thref=\"\/renovando-para-ti\" target=\"_self\"\n\t\t\t\t\t\t\t\tdata-type=\"image\"\n\t\t\t\t\t\t\t\tdata-rsp_ch=\"on\"\n\t\t\t\t\t\t\t\tdata-xy=\"xo:-81px,-43px,-32px,-19px;yo:0,-4px,-3px,-1px;\"\n\t\t\t\t\t\t\t\tdata-text=\"w:normal;s:20,12,9,5;l:0,16,12,7;\"\n\t\t\t\t\t\t\t\tdata-dim=\"w:1687px,1076px,817px,504px;h:562px,359px,272px,167px;\"\n\t\t\t\t\t\t\t\tdata-frame_999=\"o:0;st:w;\"\n\t\t\t\t\t\t\t\tstyle=\"z-index:5;\"\n\t\t\t\t\t\t\t><img decoding=\"async\" src=\"\/\/benitomo.com\/wp-content\/plugins\/revslider\/public\/assets\/assets\/dummy.png\" alt=\"\" class=\"tp-rs-img rs-lazyload\" width=\"2560\" height=\"853\" data-lazyload=\"\/\/benitomo.com\/wp-content\/uploads\/2022\/08\/banner-novedades-ben-24-05-2022-v2-min.jpg\" data-no-retina> \n\t\t\t\t\t\t\t<\/a><!--\n-->\t\t\t\t\t\t<\/rs-slide>\n\t\t\t\t\t<\/rs-slides>\n\t\t\t\t<\/rs-module>\n\t\t\t\t<script>\n\t\t\t\t\tsetREVStartSize({c: 'rev_slider_2_1',rl:[1240,1024,778,480],el:[559,353,268,167],gw:[1600,1024,778,480],gh:[559,353,268,167],type:'standard',justify:'',layout:'fullwidth',mh:\"0\"});if (window.RS_MODULES!==undefined && window.RS_MODULES.modules!==undefined && window.RS_MODULES.modules[\"revslider21\"]!==undefined) {window.RS_MODULES.modules[\"revslider21\"].once = false;window.revapi2 = undefined;if (window.RS_MODULES.checkMinimal!==undefined) window.RS_MODULES.checkMinimal()}\n\t\t\t\t<\/script>\n\t\t\t<\/rs-module-wrap>\n\t\t\t<!-- END REVOLUTION SLIDER -->\n<\/div>\r\n\r\n\t\t\t\t\t\t<\/div>\n\t\t\t\t<\/div>\n\t\t\t\t\t<\/div>\n\t\t<\/div>\n\t\t\t\t\t<\/div>\n\t\t<\/section>\n\t\t\t\t<section class=\"elementor-section elementor-top-section elementor-element elementor-element-8bfe48b elementor-section-boxed elementor-section-height-default elementor-section-height-default\" data-id=\"8bfe48b\" data-element_type=\"section\" data-e-type=\"section\" data-settings=\"{&quot;background_background&quot;:&quot;classic&quot;}\">\n\t\t\t\t\t\t<div class=\"elementor-container elementor-column-gap-default\">\n\t\t\t\t\t<div class=\"elementor-column elementor-col-100 elementor-top-column elementor-element elementor-element-bfee9b3\" data-id=\"bfee9b3\" data-element_type=\"column\" data-e-type=\"column\" data-settings=\"{&quot;background_background&quot;:&quot;classic&quot;}\">\n\t\t\t<div class=\"elementor-widget-wrap elementor-element-populated\">\n\t\t\t\t\t\t<section class=\"elementor-section elementor-inner-section elementor-element elementor-element-cc08aa5 elementor-section-boxed elementor-section-height-default elementor-section-height-default\" data-id=\"cc08aa5\" data-element_type=\"section\" data-e-type=\"section\">\n\t\t\t\t\t\t<div class=\"elementor-container elementor-column-gap-default\">\n\t\t\t\t\t<div class=\"elementor-column elementor-col-33 elementor-inner-column elementor-element elementor-element-5931899\" data-id=\"5931899\" data-element_type=\"column\" data-e-type=\"column\" data-settings=\"{&quot;background_background&quot;:&quot;classic&quot;}\">\n\t\t\t<div class=\"elementor-widget-wrap elementor-element-populated\">\n\t\t\t\t\t\t<div class=\"elementor-element elementor-element-6a4159b elementor-widget elementor-widget-image\" data-id=\"6a4159b\" data-element_type=\"widget\" data-e-type=\"widget\" data-widget_type=\"image.default\">\n\t\t\t\t<div class=\"elementor-widget-container\">\n\t\t\t\t\t\t\t\t\t\t\t\t\t\t\t<img decoding=\"async\" width=\"516\" height=\"432\" src=\"https:\/\/benitomo.com\/wp-content\/uploads\/2021\/12\/48horas.jpg\" class=\"attachment-large size-large wp-image-1483\" alt=\"\" srcset=\"https:\/\/benitomo.com\/wp-content\/uploads\/2021\/12\/48horas.jpg 516w, https:\/\/benitomo.com\/wp-content\/uploads\/2021\/12\/48horas-300x251.jpg 300w\" sizes=\"(max-width: 516px) 100vw, 516px\" \/>\t\t\t\t\t\t\t\t\t\t\t\t\t\t\t<\/div>\n\t\t\t\t<\/div>\n\t\t\t\t\t<\/div>\n\t\t<\/div>\n\t\t\t\t<div class=\"elementor-column elementor-col-33 elementor-inner-column elementor-element elementor-element-d335b34\" data-id=\"d335b34\" data-element_type=\"column\" data-e-type=\"column\" data-settings=\"{&quot;background_background&quot;:&quot;classic&quot;}\">\n\t\t\t<div class=\"elementor-widget-wrap\">\n\t\t\t\t\t\t\t<\/div>\n\t\t<\/div>\n\t\t\t\t<div class=\"elementor-column elementor-col-33 elementor-inner-column elementor-element elementor-element-ffb262d\" data-id=\"ffb262d\" data-element_type=\"column\" data-e-type=\"column\" data-settings=\"{&quot;background_background&quot;:&quot;classic&quot;}\">\n\t\t\t<div class=\"elementor-widget-wrap elementor-element-populated\">\n\t\t\t\t\t\t<div class=\"elementor-element elementor-element-b4b72d0 elementor-widget elementor-widget-text-editor\" data-id=\"b4b72d0\" data-element_type=\"widget\" data-e-type=\"widget\" data-widget_type=\"text-editor.default\">\n\t\t\t\t<div class=\"elementor-widget-container\">\n\t\t\t\t\t\t\t\t\tCON DISPONIBILIDAD DE PARTES,<br> <strong>TUS VENTAS NUNCA SE DETIENEN<\/strong>\t\t\t\t\t\t\t\t<\/div>\n\t\t\t\t<\/div>\n\t\t\t\t<div class=\"elementor-element elementor-element-3132407 elementor-widget elementor-widget-text-editor\" data-id=\"3132407\" data-element_type=\"widget\" data-e-type=\"widget\" data-widget_type=\"text-editor.default\">\n\t\t\t\t<div class=\"elementor-widget-container\">\n\t\t\t\t\t\t\t\t\t<p><span style=\"font-weight: 400;\">Comprometidos con tu crecimiento, agilizamos los pedidos con\u00a0 procesos de empaque de 48 HORAS* m\u00e1ximo garantizado.<\/span><\/p>\t\t\t\t\t\t\t\t<\/div>\n\t\t\t\t<\/div>\n\t\t\t\t<div class=\"elementor-element elementor-element-682b3d2 elementor-widget elementor-widget-text-editor\" data-id=\"682b3d2\" data-element_type=\"widget\" data-e-type=\"widget\" data-widget_type=\"text-editor.default\">\n\t\t\t\t<div class=\"elementor-widget-container\">\n\t\t\t\t\t\t\t\t\t<ul><li><span style=\"font-weight: 400;\"><strong>EMPAQUE 48 HORAS*<\/strong> o 2 d\u00edas h\u00e1biles, una vez confirmada la mercanc\u00eda en sistema.<\/span><\/li><\/ul>\t\t\t\t\t\t\t\t<\/div>\n\t\t\t\t<\/div>\n\t\t\t\t\t<\/div>\n\t\t<\/div>\n\t\t\t\t\t<\/div>\n\t\t<\/section>\n\t\t\t\t\t<\/div>\n\t\t<\/div>\n\t\t\t\t\t<\/div>\n\t\t<\/section>\n\t\t\t\t<section class=\"elementor-section elementor-top-section elementor-element elementor-element-55965766 elementor-section-boxed elementor-section-height-default elementor-section-height-default\" data-id=\"55965766\" data-element_type=\"section\" data-e-type=\"section\" data-settings=\"{&quot;background_background&quot;:&quot;classic&quot;}\">\n\t\t\t\t\t\t<div class=\"elementor-container elementor-column-gap-default\">\n\t\t\t\t\t<div class=\"elementor-column elementor-col-20 elementor-top-column elementor-element elementor-element-ac0e1e8\" data-id=\"ac0e1e8\" data-element_type=\"column\" data-e-type=\"column\">\n\t\t\t<div class=\"elementor-widget-wrap elementor-element-populated\">\n\t\t\t\t\t\t<div class=\"elementor-element elementor-element-2a8ce95 elementor-widget elementor-widget-image\" data-id=\"2a8ce95\" data-element_type=\"widget\" data-e-type=\"widget\" data-widget_type=\"image.default\">\n\t\t\t\t<div class=\"elementor-widget-container\">\n\t\t\t\t\t\t\t\t\t\t\t\t\t\t\t<img loading=\"lazy\" decoding=\"async\" width=\"236\" height=\"118\" src=\"https:\/\/benitomo.com\/wp-content\/uploads\/2021\/12\/carrito-novedades-1.jpg\" class=\"attachment-full size-full wp-image-1575\" alt=\"\" \/>\t\t\t\t\t\t\t\t\t\t\t\t\t\t\t<\/div>\n\t\t\t\t<\/div>\n\t\t\t\t\t<\/div>\n\t\t<\/div>\n\t\t\t\t<div class=\"elementor-column elementor-col-20 elementor-top-column elementor-element elementor-element-c01c83f\" data-id=\"c01c83f\" data-element_type=\"column\" data-e-type=\"column\">\n\t\t\t<div class=\"elementor-widget-wrap elementor-element-populated\">\n\t\t\t\t\t\t<div class=\"elementor-element elementor-element-bf06f79 elementor-widget elementor-widget-image\" data-id=\"bf06f79\" data-element_type=\"widget\" data-e-type=\"widget\" data-widget_type=\"image.default\">\n\t\t\t\t<div class=\"elementor-widget-container\">\n\t\t\t\t\t\t\t\t\t\t\t\t\t\t\t\t<a href=\"http:\/\/benitomo.com\/novedades-motos\">\n\t\t\t\t\t\t\t<img loading=\"lazy\" decoding=\"async\" width=\"236\" height=\"118\" src=\"https:\/\/benitomo.com\/wp-content\/uploads\/2021\/12\/motopartes-novedades.jpg\" class=\"attachment-full size-full wp-image-1475\" alt=\"\" \/>\t\t\t\t\t\t\t\t<\/a>\n\t\t\t\t\t\t\t\t\t\t\t\t\t\t\t<\/div>\n\t\t\t\t<\/div>\n\t\t\t\t\t<\/div>\n\t\t<\/div>\n\t\t\t\t<div class=\"elementor-column elementor-col-20 elementor-top-column elementor-element elementor-element-b454fc8\" data-id=\"b454fc8\" data-element_type=\"column\" data-e-type=\"column\">\n\t\t\t<div class=\"elementor-widget-wrap elementor-element-populated\">\n\t\t\t\t\t\t<div class=\"elementor-element elementor-element-2568574 elementor-widget elementor-widget-image\" data-id=\"2568574\" data-element_type=\"widget\" data-e-type=\"widget\" data-widget_type=\"image.default\">\n\t\t\t\t<div class=\"elementor-widget-container\">\n\t\t\t\t\t\t\t\t\t\t\t\t\t\t\t<img loading=\"lazy\" decoding=\"async\" width=\"236\" height=\"118\" src=\"https:\/\/benitomo.com\/wp-content\/uploads\/2021\/12\/camion-novedades.jpg\" class=\"attachment-2048x2048 size-2048x2048 wp-image-1476\" alt=\"\" \/>\t\t\t\t\t\t\t\t\t\t\t\t\t\t\t<\/div>\n\t\t\t\t<\/div>\n\t\t\t\t\t<\/div>\n\t\t<\/div>\n\t\t\t\t<div class=\"elementor-column elementor-col-20 elementor-top-column elementor-element elementor-element-64af3890\" data-id=\"64af3890\" data-element_type=\"column\" data-e-type=\"column\" data-settings=\"{&quot;background_background&quot;:&quot;classic&quot;}\">\n\t\t\t<div class=\"elementor-widget-wrap elementor-element-populated\">\n\t\t\t\t\t\t<div class=\"elementor-element elementor-element-5c034004 elementor-widget elementor-widget-text-editor\" data-id=\"5c034004\" data-element_type=\"widget\" data-e-type=\"widget\" data-widget_type=\"text-editor.default\">\n\t\t\t\t<div class=\"elementor-widget-container\">\n\t\t\t\t\t\t\t\t\t<p>NOVEDADES<\/p>\t\t\t\t\t\t\t\t<\/div>\n\t\t\t\t<\/div>\n\t\t\t\t\t<\/div>\n\t\t<\/div>\n\t\t\t\t<div class=\"elementor-column elementor-col-20 elementor-top-column elementor-element elementor-element-7cd709cd\" data-id=\"7cd709cd\" data-element_type=\"column\" data-e-type=\"column\" data-settings=\"{&quot;background_background&quot;:&quot;classic&quot;}\">\n\t\t\t<div class=\"elementor-widget-wrap elementor-element-populated\">\n\t\t\t\t\t\t\t<\/div>\n\t\t<\/div>\n\t\t\t\t\t<\/div>\n\t\t<\/section>\n\t\t\t\t<section class=\"elementor-section elementor-top-section elementor-element elementor-element-e65d761 elementor-section-boxed elementor-section-height-default elementor-section-height-default\" data-id=\"e65d761\" data-element_type=\"section\" data-e-type=\"section\">\n\t\t\t\t\t\t<div class=\"elementor-container elementor-column-gap-default\">\n\t\t\t\t\t<div class=\"elementor-column elementor-col-100 elementor-top-column elementor-element elementor-element-5544bb4\" data-id=\"5544bb4\" data-element_type=\"column\" data-e-type=\"column\">\n\t\t\t<div class=\"elementor-widget-wrap elementor-element-populated\">\n\t\t\t\t\t\t<div class=\"elementor-element elementor-element-7af1873 elementor-widget elementor-widget-image\" data-id=\"7af1873\" data-element_type=\"widget\" data-e-type=\"widget\" data-widget_type=\"image.default\">\n\t\t\t\t<div class=\"elementor-widget-container\">\n\t\t\t\t\t\t\t\t\t\t\t\t\t\t\t<img loading=\"lazy\" decoding=\"async\" width=\"800\" height=\"486\" src=\"https:\/\/benitomo.com\/wp-content\/uploads\/2023\/11\/PARTES-NOVEDADES-BTW-OCTUBRE-NOVIEMBRE-2023-02-1024x622.jpg\" class=\"attachment-large size-large wp-image-13443\" alt=\"\" srcset=\"https:\/\/benitomo.com\/wp-content\/uploads\/2023\/11\/PARTES-NOVEDADES-BTW-OCTUBRE-NOVIEMBRE-2023-02-1024x622.jpg 1024w, https:\/\/benitomo.com\/wp-content\/uploads\/2023\/11\/PARTES-NOVEDADES-BTW-OCTUBRE-NOVIEMBRE-2023-02-300x182.jpg 300w, https:\/\/benitomo.com\/wp-content\/uploads\/2023\/11\/PARTES-NOVEDADES-BTW-OCTUBRE-NOVIEMBRE-2023-02-768x467.jpg 768w, https:\/\/benitomo.com\/wp-content\/uploads\/2023\/11\/PARTES-NOVEDADES-BTW-OCTUBRE-NOVIEMBRE-2023-02-1536x933.jpg 1536w, https:\/\/benitomo.com\/wp-content\/uploads\/2023\/11\/PARTES-NOVEDADES-BTW-OCTUBRE-NOVIEMBRE-2023-02-2048x1244.jpg 2048w, https:\/\/benitomo.com\/wp-content\/uploads\/2023\/11\/PARTES-NOVEDADES-BTW-OCTUBRE-NOVIEMBRE-2023-02-18x12.jpg 18w\" sizes=\"(max-width: 800px) 100vw, 800px\" \/>\t\t\t\t\t\t\t\t\t\t\t\t\t\t\t<\/div>\n\t\t\t\t<\/div>\n\t\t\t\t<div class=\"elementor-element elementor-element-971f326 elementor-widget elementor-widget-image\" data-id=\"971f326\" data-element_type=\"widget\" data-e-type=\"widget\" data-widget_type=\"image.default\">\n\t\t\t\t<div class=\"elementor-widget-container\">\n\t\t\t\t\t\t\t\t\t\t\t\t\t\t\t<img loading=\"lazy\" decoding=\"async\" width=\"800\" height=\"485\" src=\"https:\/\/benitomo.com\/wp-content\/uploads\/2023\/11\/PARTES-NOVEDADES-BTW-OCTUBRE-NOVIEMBRE-2023-03-1024x621.jpg\" class=\"attachment-large size-large wp-image-13444\" alt=\"\" srcset=\"https:\/\/benitomo.com\/wp-content\/uploads\/2023\/11\/PARTES-NOVEDADES-BTW-OCTUBRE-NOVIEMBRE-2023-03-1024x621.jpg 1024w, https:\/\/benitomo.com\/wp-content\/uploads\/2023\/11\/PARTES-NOVEDADES-BTW-OCTUBRE-NOVIEMBRE-2023-03-300x182.jpg 300w, https:\/\/benitomo.com\/wp-content\/uploads\/2023\/11\/PARTES-NOVEDADES-BTW-OCTUBRE-NOVIEMBRE-2023-03-768x466.jpg 768w, https:\/\/benitomo.com\/wp-content\/uploads\/2023\/11\/PARTES-NOVEDADES-BTW-OCTUBRE-NOVIEMBRE-2023-03-1536x932.jpg 1536w, https:\/\/benitomo.com\/wp-content\/uploads\/2023\/11\/PARTES-NOVEDADES-BTW-OCTUBRE-NOVIEMBRE-2023-03-2048x1243.jpg 2048w, https:\/\/benitomo.com\/wp-content\/uploads\/2023\/11\/PARTES-NOVEDADES-BTW-OCTUBRE-NOVIEMBRE-2023-03-18x12.jpg 18w\" sizes=\"(max-width: 800px) 100vw, 800px\" \/>\t\t\t\t\t\t\t\t\t\t\t\t\t\t\t<\/div>\n\t\t\t\t<\/div>\n\t\t\t\t<div class=\"elementor-element elementor-element-b5f991d elementor-widget elementor-widget-image\" data-id=\"b5f991d\" data-element_type=\"widget\" data-e-type=\"widget\" data-widget_type=\"image.default\">\n\t\t\t\t<div class=\"elementor-widget-container\">\n\t\t\t\t\t\t\t\t\t\t\t\t\t\t\t<img loading=\"lazy\" decoding=\"async\" width=\"800\" height=\"330\" src=\"https:\/\/benitomo.com\/wp-content\/uploads\/2023\/11\/PARTES-NOVEDADES-BTW-OCTUBRE-NOVIEMBRE-2023-04-1024x422.jpg\" class=\"attachment-large size-large wp-image-13445\" alt=\"\" srcset=\"https:\/\/benitomo.com\/wp-content\/uploads\/2023\/11\/PARTES-NOVEDADES-BTW-OCTUBRE-NOVIEMBRE-2023-04-1024x422.jpg 1024w, https:\/\/benitomo.com\/wp-content\/uploads\/2023\/11\/PARTES-NOVEDADES-BTW-OCTUBRE-NOVIEMBRE-2023-04-300x124.jpg 300w, https:\/\/benitomo.com\/wp-content\/uploads\/2023\/11\/PARTES-NOVEDADES-BTW-OCTUBRE-NOVIEMBRE-2023-04-768x316.jpg 768w, https:\/\/benitomo.com\/wp-content\/uploads\/2023\/11\/PARTES-NOVEDADES-BTW-OCTUBRE-NOVIEMBRE-2023-04-1536x632.jpg 1536w, https:\/\/benitomo.com\/wp-content\/uploads\/2023\/11\/PARTES-NOVEDADES-BTW-OCTUBRE-NOVIEMBRE-2023-04-2048x843.jpg 2048w, https:\/\/benitomo.com\/wp-content\/uploads\/2023\/11\/PARTES-NOVEDADES-BTW-OCTUBRE-NOVIEMBRE-2023-04-18x7.jpg 18w\" sizes=\"(max-width: 800px) 100vw, 800px\" \/>\t\t\t\t\t\t\t\t\t\t\t\t\t\t\t<\/div>\n\t\t\t\t<\/div>\n\t\t\t\t\t<\/div>\n\t\t<\/div>\n\t\t\t\t\t<\/div>\n\t\t<\/section>\n\t\t\t\t<\/div>\n\t\t","protected":false},"excerpt":{"rendered":"<p>CON DISPONIBILIDAD DE PARTES, TUS VENTAS NUNCA SE DETIENEN Comprometidos con tu crecimiento, agilizamos los pedidos con\u00a0 procesos de empaque de 48 HORAS* m\u00e1ximo garantizado. EMPAQUE 48 HORAS* o 2 d\u00edas h\u00e1biles, una vez confirmada la mercanc\u00eda en sistema. NOVEDADES<\/p>","protected":false},"author":1,"featured_media":0,"parent":0,"menu_order":0,"comment_status":"closed","ping_status":"closed","template":"elementor_header_footer","meta":{"footnotes":""},"class_list":["post-1471","page","type-page","status-publish","hentry"],"aioseo_notices":[],"_links":{"self":[{"href":"https:\/\/benitomo.com\/en\/wp-json\/wp\/v2\/pages\/1471","targetHints":{"allow":["GET"]}}],"collection":[{"href":"https:\/\/benitomo.com\/en\/wp-json\/wp\/v2\/pages"}],"about":[{"href":"https:\/\/benitomo.com\/en\/wp-json\/wp\/v2\/types\/page"}],"author":[{"embeddable":true,"href":"https:\/\/benitomo.com\/en\/wp-json\/wp\/v2\/users\/1"}],"replies":[{"embeddable":true,"href":"https:\/\/benitomo.com\/en\/wp-json\/wp\/v2\/comments?post=1471"}],"version-history":[{"count":263,"href":"https:\/\/benitomo.com\/en\/wp-json\/wp\/v2\/pages\/1471\/revisions"}],"predecessor-version":[{"id":13452,"href":"https:\/\/benitomo.com\/en\/wp-json\/wp\/v2\/pages\/1471\/revisions\/13452"}],"wp:attachment":[{"href":"https:\/\/benitomo.com\/en\/wp-json\/wp\/v2\/media?parent=1471"}],"curies":[{"name":"wp","href":"https:\/\/api.w.org\/{rel}","templated":true}]}}