{"id":19,"date":"2021-12-23T03:30:18","date_gmt":"2021-12-23T03:30:18","guid":{"rendered":"http:\/\/benitomo.com\/?page_id=19"},"modified":"2022-03-28T18:04:41","modified_gmt":"2022-03-28T23:04:41","slug":"contacto","status":"publish","type":"page","link":"https:\/\/benitomo.com\/en\/contacto\/","title":{"rendered":"Contact"},"content":{"rendered":"\t\t<div data-elementor-type=\"wp-page\" data-elementor-id=\"19\" class=\"elementor elementor-19\" data-elementor-post-type=\"page\">\n\t\t\t\t\t\t<section class=\"elementor-section elementor-top-section elementor-element elementor-element-7f827f2c elementor-section-boxed elementor-section-height-default elementor-section-height-default\" data-id=\"7f827f2c\" data-element_type=\"section\" data-e-type=\"section\" data-settings=\"{&quot;background_background&quot;:&quot;classic&quot;}\">\n\t\t\t\t\t\t<div class=\"elementor-container elementor-column-gap-default\">\n\t\t\t\t\t<div class=\"elementor-column elementor-col-100 elementor-top-column elementor-element elementor-element-13d6255a\" data-id=\"13d6255a\" data-element_type=\"column\" data-e-type=\"column\">\n\t\t\t<div class=\"elementor-widget-wrap elementor-element-populated\">\n\t\t\t\t\t\t<div class=\"elementor-element elementor-element-7a0ea4d0 elementor--h-position-center elementor--v-position-middle elementor-arrows-position-inside elementor-pagination-position-inside elementor-widget elementor-widget-slides\" data-id=\"7a0ea4d0\" data-element_type=\"widget\" data-e-type=\"widget\" data-settings=\"{&quot;navigation&quot;:&quot;both&quot;,&quot;autoplay&quot;:&quot;yes&quot;,&quot;pause_on_hover&quot;:&quot;yes&quot;,&quot;pause_on_interaction&quot;:&quot;yes&quot;,&quot;autoplay_speed&quot;:5000,&quot;infinite&quot;:&quot;yes&quot;,&quot;transition&quot;:&quot;slide&quot;,&quot;transition_speed&quot;:500}\" data-widget_type=\"slides.default\">\n\t\t\t\t<div class=\"elementor-widget-container\">\n\t\t\t\t\t\t\t\t\t<div class=\"elementor-swiper\">\n\t\t\t\t\t<div class=\"elementor-slides-wrapper elementor-main-swiper swiper\" role=\"region\" aria-roledescription=\"carousel\" aria-label=\"Diapositivas\" dir=\"ltr\" data-animation=\"fadeInUp\">\n\t\t\t\t<div class=\"swiper-wrapper elementor-slides\">\n\t\t\t\t\t\t\t\t\t\t<div class=\"elementor-repeater-item-1c0e818 swiper-slide\" role=\"group\" aria-roledescription=\"slide\"><div class=\"swiper-slide-bg\" role=\"img\" aria-label=\"banner6\"><\/div><div class=\"swiper-slide-inner\" ><div class=\"swiper-slide-contents\"><div class=\"elementor-slide-heading\">CONTACTO<\/div><\/div><\/div><\/div>\t\t\t\t<\/div>\n\t\t\t\t\t\t\t<\/div>\n\t\t\t\t<\/div>\n\t\t\t\t\t\t\t\t<\/div>\n\t\t\t\t<\/div>\n\t\t\t\t\t<\/div>\n\t\t<\/div>\n\t\t\t\t\t<\/div>\n\t\t<\/section>\n\t\t\t\t<section class=\"elementor-section elementor-top-section elementor-element elementor-element-08d16d8 elementor-section-boxed elementor-section-height-default elementor-section-height-default\" data-id=\"08d16d8\" data-element_type=\"section\" data-e-type=\"section\" data-settings=\"{&quot;background_background&quot;:&quot;classic&quot;}\">\n\t\t\t\t\t\t<div class=\"elementor-container elementor-column-gap-default\">\n\t\t\t\t\t<div class=\"elementor-column elementor-col-100 elementor-top-column elementor-element elementor-element-5191084\" data-id=\"5191084\" data-element_type=\"column\" data-e-type=\"column\">\n\t\t\t<div class=\"elementor-widget-wrap elementor-element-populated\">\n\t\t\t\t\t\t<div class=\"elementor-element elementor-element-469133c elementor-widget elementor-widget-heading\" data-id=\"469133c\" data-element_type=\"widget\" data-e-type=\"widget\" data-widget_type=\"heading.default\">\n\t\t\t\t<div class=\"elementor-widget-container\">\n\t\t\t\t\t<h2 class=\"elementor-heading-title elementor-size-default\">DILIGENCIA ESTOS DATOS Y ENV\u00cdA TUS INQUIETUDES<\/h2>\t\t\t\t<\/div>\n\t\t\t\t<\/div>\n\t\t\t\t<div class=\"elementor-element elementor-element-319283f elementor-widget elementor-widget-wpforms\" data-id=\"319283f\" data-element_type=\"widget\" data-e-type=\"widget\" data-widget_type=\"wpforms.default\">\n\t\t\t\t<div class=\"elementor-widget-container\">\n\t\t\t\t\t<div class=\"wpforms-container wpforms-container-full\" id=\"wpforms-2423\"><form id=\"wpforms-form-2423\" class=\"wpforms-validate wpforms-form wpforms-ajax-form\" data-formid=\"2423\" method=\"post\" enctype=\"multipart\/form-data\" action=\"\/en\/wp-json\/wp\/v2\/pages\/19\" data-token=\"5b605580fb3aab6d938c81281b928116\" data-token-time=\"1775610875\"><noscript class=\"wpforms-error-noscript\">Please enable JavaScript in your browser to complete this form.<\/noscript><div class=\"wpforms-field-container\"><div id=\"wpforms-2423-field_2-container\" class=\"wpforms-field wpforms-field-text\" data-field-id=\"2\"><label class=\"wpforms-field-label\" for=\"wpforms-2423-field_2\">Nombre y Apellido <span class=\"wpforms-required-label\">*<\/span><\/label><input type=\"text\" id=\"wpforms-2423-field_2\" class=\"wpforms-field-large wpforms-field-required\" name=\"wpforms[fields][2]\" required><\/div><div id=\"wpforms-2423-field_3-container\" class=\"wpforms-field wpforms-field-email\" data-field-id=\"3\"><label class=\"wpforms-field-label\" for=\"wpforms-2423-field_3\">Correo electr\u00f3nico <span class=\"wpforms-required-label\">*<\/span><\/label><input type=\"email\" id=\"wpforms-2423-field_3\" class=\"wpforms-field-large wpforms-field-required\" name=\"wpforms[fields][3]\" spellcheck=\"false\" required><\/div><div id=\"wpforms-2423-field_4-container\" class=\"wpforms-field wpforms-field-text\" data-field-id=\"4\"><label class=\"wpforms-field-label\" for=\"wpforms-2423-field_4\">Nombre de la empresa <span class=\"wpforms-required-label\">*<\/span><\/label><input type=\"text\" id=\"wpforms-2423-field_4\" class=\"wpforms-field-large wpforms-field-required\" name=\"wpforms[fields][4]\" required><\/div><div id=\"wpforms-2423-field_5-container\" class=\"wpforms-field wpforms-field-number\" data-field-id=\"5\"><label class=\"wpforms-field-label\" for=\"wpforms-2423-field_5\">N\u00famero de tel\u00e9fono <span class=\"wpforms-required-label\">*<\/span><\/label><input type=\"number\" id=\"wpforms-2423-field_5\" class=\"wpforms-field-large wpforms-field-required\" name=\"wpforms[fields][5]\" step=\"any\" required><\/div><div id=\"wpforms-2423-field_9-container\" class=\"wpforms-field wpforms-field-select wpforms-field-select-style-classic\" data-field-id=\"9\"><label class=\"wpforms-field-label\" for=\"wpforms-2423-field_9\">Regi\u00f3n\/Pa\u00eds <span class=\"wpforms-required-label\">*<\/span><\/label><select id=\"wpforms-2423-field_9\" class=\"wpforms-field-medium wpforms-field-required\" name=\"wpforms[fields][9]\" required=\"required\"><option value=\"Afganistan\"  class=\"choice-1 depth-1\"  >Afganistan<\/option><option value=\"Albania\"  class=\"choice-4 depth-1\"  >Albania<\/option><option value=\"Alemania\"  class=\"choice-5 depth-1\"  >Alemania<\/option><option value=\"Andorra\"  class=\"choice-6 depth-1\"  >Andorra<\/option><option value=\"Antigua y Barbuda\"  class=\"choice-8 depth-1\"  >Antigua y Barbuda<\/option><option value=\"Arabia Saudita \/ Arabia Saud\u00ed\"  class=\"choice-9 depth-1\"  >Arabia Saudita \/ Arabia Saud\u00ed<\/option><option value=\"Argelia\"  class=\"choice-10 depth-1\"  >Argelia<\/option><option value=\"Argentina\"  class=\"choice-11 depth-1\"  >Argentina<\/option><option value=\"Armenia\"  class=\"choice-12 depth-1\"  >Armenia<\/option><option value=\"Australia\"  class=\"choice-13 depth-1\"  >Australia<\/option><option value=\"Austria\"  class=\"choice-14 depth-1\"  >Austria<\/option><option value=\"Azerbaiy\u00e1n\"  class=\"choice-15 depth-1\"  >Azerbaiy\u00e1n<\/option><option value=\"Bahamas\"  class=\"choice-16 depth-1\"  >Bahamas<\/option><option value=\"Banglad\u00e9s\"  class=\"choice-17 depth-1\"  >Banglad\u00e9s<\/option><option value=\"Barbados\"  class=\"choice-18 depth-1\"  >Barbados<\/option><option value=\"Bar\u00e9in\"  class=\"choice-19 depth-1\"  >Bar\u00e9in<\/option><option value=\"B\u00e9lgica\"  class=\"choice-20 depth-1\"  >B\u00e9lgica<\/option><option value=\"Belice\"  class=\"choice-21 depth-1\"  >Belice<\/option><option value=\"Bielorrusia\"  class=\"choice-22 depth-1\"  >Bielorrusia<\/option><option value=\"Ben\u00edn\"  class=\"choice-23 depth-1\"  >Ben\u00edn<\/option><option value=\"Birmania \/ Myanmar\"  class=\"choice-24 depth-1\"  >Birmania \/ Myanmar<\/option><option value=\"Bolivia\"  class=\"choice-25 depth-1\"  >Bolivia<\/option><option value=\"Bosnia y Herzegovina \/ Bosnia-Herzegovina\"  class=\"choice-26 depth-1\"  >Bosnia y Herzegovina \/ Bosnia-Herzegovina<\/option><option value=\"Botsuana\"  class=\"choice-27 depth-1\"  >Botsuana<\/option><option value=\"Brasil\"  class=\"choice-28 depth-1\"  >Brasil<\/option><option value=\"Brunei\"  class=\"choice-29 depth-1\"  >Brunei<\/option><option value=\"Bulgaria\"  class=\"choice-30 depth-1\"  >Bulgaria<\/option><option value=\"Burkina Faso\"  class=\"choice-31 depth-1\"  >Burkina Faso<\/option><option value=\"Burundi\"  class=\"choice-33 depth-1\"  >Burundi<\/option><option value=\"But\u00e1n\"  class=\"choice-34 depth-1\"  >But\u00e1n<\/option><option value=\"Cabo Verde\"  class=\"choice-35 depth-1\"  >Cabo Verde<\/option><option value=\"Camboya\"  class=\"choice-36 depth-1\"  >Camboya<\/option><option value=\"Camer\u00fan\"  class=\"choice-37 depth-1\"  >Camer\u00fan<\/option><option value=\"Canad\u00e1\"  class=\"choice-39 depth-1\"  >Canad\u00e1<\/option><option value=\"Catar\"  class=\"choice-40 depth-1\"  >Catar<\/option><option value=\"Rep\u00fablica Centroafricana\"  class=\"choice-41 depth-1\"  >Rep\u00fablica Centroafricana<\/option><option value=\"Chad\"  class=\"choice-44 depth-1\"  >Chad<\/option><option value=\"Rep\u00fablica Checa \/ Chequia\"  class=\"choice-49 depth-1\"  >Rep\u00fablica Checa \/ Chequia<\/option><option value=\"Chile\"  class=\"choice-50 depth-1\"  >Chile<\/option><option value=\"China\"  class=\"choice-51 depth-1\"  >China<\/option><option value=\"Chipre\"  class=\"choice-52 depth-1\"  >Chipre<\/option><option value=\"Colombia\"  class=\"choice-53 depth-1\"  >Colombia<\/option><option value=\"Comoras\"  class=\"choice-54 depth-1\"  >Comoras<\/option><option value=\"Rep\u00fablica del Congo\"  class=\"choice-55 depth-1\"  >Rep\u00fablica del Congo<\/option><option value=\"Rep\u00fablica Democr\u00e1tica del Congo\"  class=\"choice-56 depth-1\"  >Rep\u00fablica Democr\u00e1tica del Congo<\/option><option value=\"Corea del Norte\"  class=\"choice-57 depth-1\"  >Corea del Norte<\/option><option value=\"Corea del Sur\"  class=\"choice-58 depth-1\"  >Corea del Sur<\/option><option value=\"Costa de Marfil\"  class=\"choice-59 depth-1\"  >Costa de Marfil<\/option><option value=\"Costa Rica\"  class=\"choice-60 depth-1\"  >Costa Rica<\/option><option value=\"Croacia\"  class=\"choice-61 depth-1\"  >Croacia<\/option><option value=\"Cuba\"  class=\"choice-62 depth-1\"  >Cuba<\/option><option value=\"Dinamarca\"  class=\"choice-63 depth-1\"  >Dinamarca<\/option><option value=\"Dominica\"  class=\"choice-64 depth-1\"  >Dominica<\/option><option value=\"Rep\u00fablica Dominicana\"  class=\"choice-65 depth-1\"  >Rep\u00fablica Dominicana<\/option><option value=\"Ecuador\"  class=\"choice-66 depth-1\"  >Ecuador<\/option><option value=\"Egipto\"  class=\"choice-67 depth-1\"  >Egipto<\/option><option value=\"El Salvador\"  class=\"choice-68 depth-1\"  >El Salvador<\/option><option value=\"Emiratos \u00c1rabes Unidos\"  class=\"choice-69 depth-1\"  >Emiratos \u00c1rabes Unidos<\/option><option value=\"Eritrea\"  class=\"choice-70 depth-1\"  >Eritrea<\/option><option value=\"Eslovaquia\"  class=\"choice-71 depth-1\"  >Eslovaquia<\/option><option value=\"Eslovenia\"  class=\"choice-72 depth-1\"  >Eslovenia<\/option><option value=\"Espa\u00f1a\"  class=\"choice-73 depth-1\"  >Espa\u00f1a<\/option><option value=\"Estados Unidos\"  class=\"choice-74 depth-1\"  >Estados Unidos<\/option><option value=\"Estonia\"  class=\"choice-75 depth-1\"  >Estonia<\/option><option value=\"Etiop\u00eda\"  class=\"choice-76 depth-1\"  >Etiop\u00eda<\/option><option value=\"Filipinas\"  class=\"choice-77 depth-1\"  >Filipinas<\/option><option value=\"Finlandia\"  class=\"choice-78 depth-1\"  >Finlandia<\/option><option value=\"Fiyi\"  class=\"choice-79 depth-1\"  >Fiyi<\/option><option value=\"Francia\"  class=\"choice-80 depth-1\"  >Francia<\/option><option value=\"Gab\u00f3n\"  class=\"choice-81 depth-1\"  >Gab\u00f3n<\/option><option value=\"Gambia\"  class=\"choice-82 depth-1\"  >Gambia<\/option><option value=\"Georgia\"  class=\"choice-83 depth-1\"  >Georgia<\/option><option value=\"Ghana\"  class=\"choice-84 depth-1\"  >Ghana<\/option><option value=\"Granada\"  class=\"choice-85 depth-1\"  >Granada<\/option><option value=\"Grecia\"  class=\"choice-86 depth-1\"  >Grecia<\/option><option value=\"Guatemala\"  class=\"choice-87 depth-1\"  >Guatemala<\/option><option value=\"Guinea\"  class=\"choice-88 depth-1\"  >Guinea<\/option><option value=\"Guinea-Bis\u00e1u\"  class=\"choice-89 depth-1\"  >Guinea-Bis\u00e1u<\/option><option value=\"Guinea Ecuatorial\"  class=\"choice-90 depth-1\"  >Guinea Ecuatorial<\/option><option value=\"Guyana\"  class=\"choice-91 depth-1\"  >Guyana<\/option><option value=\"Hait\u00ed\"  class=\"choice-92 depth-1\"  >Hait\u00ed<\/option><option value=\"Honduras\"  class=\"choice-93 depth-1\"  >Honduras<\/option><option value=\"Hungr\u00eda\"  class=\"choice-94 depth-1\"  >Hungr\u00eda<\/option><option value=\"India\"  class=\"choice-95 depth-1\"  >India<\/option><option value=\"Indonesia\"  class=\"choice-96 depth-1\"  >Indonesia<\/option><option value=\"Irak\"  class=\"choice-97 depth-1\"  >Irak<\/option><option value=\"Ir\u00e1n\"  class=\"choice-98 depth-1\"  >Ir\u00e1n<\/option><option value=\"Irlanda\"  class=\"choice-99 depth-1\"  >Irlanda<\/option><option value=\"Islandia\"  class=\"choice-100 depth-1\"  >Islandia<\/option><option value=\"Israel\"  class=\"choice-101 depth-1\"  >Israel<\/option><option value=\"Italia\"  class=\"choice-102 depth-1\"  >Italia<\/option><option value=\"Jamaica\"  class=\"choice-103 depth-1\"  >Jamaica<\/option><option value=\"Jap\u00f3n\"  class=\"choice-104 depth-1\"  >Jap\u00f3n<\/option><option value=\"Jordania\"  class=\"choice-105 depth-1\"  >Jordania<\/option><option value=\"Kazajist\u00e1n\"  class=\"choice-106 depth-1\"  >Kazajist\u00e1n<\/option><option value=\"Kenia\"  class=\"choice-107 depth-1\"  >Kenia<\/option><option value=\"Kirguist\u00e1n\"  class=\"choice-108 depth-1\"  >Kirguist\u00e1n<\/option><option value=\"Kiribati\"  class=\"choice-109 depth-1\"  >Kiribati<\/option><option value=\"Kuwait\"  class=\"choice-110 depth-1\"  >Kuwait<\/option><option value=\"Laos\"  class=\"choice-111 depth-1\"  >Laos<\/option><option value=\"Lesoto\"  class=\"choice-112 depth-1\"  >Lesoto<\/option><option value=\"Letonia\"  class=\"choice-113 depth-1\"  >Letonia<\/option><option value=\"L\u00edbano\"  class=\"choice-114 depth-1\"  >L\u00edbano<\/option><option value=\"Liberia\"  class=\"choice-115 depth-1\"  >Liberia<\/option><option value=\"Libia\"  class=\"choice-116 depth-1\"  >Libia<\/option><option value=\"Liechtenstein\"  class=\"choice-117 depth-1\"  >Liechtenstein<\/option><option value=\"Lituania\"  class=\"choice-118 depth-1\"  >Lituania<\/option><option value=\"Luxemburgo\"  class=\"choice-119 depth-1\"  >Luxemburgo<\/option><option value=\"Macedonia del Norte\"  class=\"choice-120 depth-1\"  >Macedonia del Norte<\/option><option value=\"Madagascar\"  class=\"choice-121 depth-1\"  >Madagascar<\/option><option value=\"Malasia\"  class=\"choice-122 depth-1\"  >Malasia<\/option><option value=\"Malaui\"  class=\"choice-123 depth-1\"  >Malaui<\/option><option value=\"Maldivas\"  class=\"choice-125 depth-1\"  >Maldivas<\/option><option value=\"Mali \/ Mal\u00ed\"  class=\"choice-126 depth-1\"  >Mali \/ Mal\u00ed<\/option><option value=\"Malta\"  class=\"choice-127 depth-1\"  >Malta<\/option><option value=\"Marruecos\"  class=\"choice-129 depth-1\"  >Marruecos<\/option><option value=\"Islas Marshall\"  class=\"choice-130 depth-1\"  >Islas Marshall<\/option><option value=\"Mauricio\"  class=\"choice-131 depth-1\"  >Mauricio<\/option><option value=\"Mauritania\"  class=\"choice-132 depth-1\"  >Mauritania<\/option><option value=\"M\u00e9xico\"  class=\"choice-133 depth-1\"  >M\u00e9xico<\/option><option value=\"Micronesia\"  class=\"choice-134 depth-1\"  >Micronesia<\/option><option value=\"Moldavia\"  class=\"choice-135 depth-1\"  >Moldavia<\/option><option value=\"M\u00f3naco\"  class=\"choice-136 depth-1\"  >M\u00f3naco<\/option><option value=\"Mongolia\"  class=\"choice-138 depth-1\"  >Mongolia<\/option><option value=\"Montenegro\"  class=\"choice-139 depth-1\"  >Montenegro<\/option><option value=\"Mozambique\"  class=\"choice-140 depth-1\"  >Mozambique<\/option><option value=\"Namibia\"  class=\"choice-141 depth-1\"  >Namibia<\/option><option value=\"Nauru\"  class=\"choice-142 depth-1\"  >Nauru<\/option><option value=\"Nepal\"  class=\"choice-143 depth-1\"  >Nepal<\/option><option value=\"Nicaragua\"  class=\"choice-144 depth-1\"  >Nicaragua<\/option><option value=\"N\u00edger\"  class=\"choice-145 depth-1\"  >N\u00edger<\/option><option value=\"Nigeria\"  class=\"choice-146 depth-1\"  >Nigeria<\/option><option value=\"Noruega\"  class=\"choice-147 depth-1\"  >Noruega<\/option><option value=\"Nueva Zelanda \/ Nueva Zelandia\"  class=\"choice-148 depth-1\"  >Nueva Zelanda \/ Nueva Zelandia<\/option><option value=\"Om\u00e1n\"  class=\"choice-149 depth-1\"  >Om\u00e1n<\/option><option value=\"Pa\u00edses Bajos\"  class=\"choice-150 depth-1\"  >Pa\u00edses Bajos<\/option><option value=\"Pakist\u00e1n\"  class=\"choice-151 depth-1\"  >Pakist\u00e1n<\/option><option value=\"Palaos\"  class=\"choice-152 depth-1\"  >Palaos<\/option><option value=\"Palestina\"  class=\"choice-153 depth-1\"  >Palestina<\/option><option value=\"Panam\u00e1\"  selected='selected' class=\"choice-154 depth-1\"  >Panam\u00e1<\/option><option value=\"Pap\u00faa Nueva Guinea\"  class=\"choice-155 depth-1\"  >Pap\u00faa Nueva Guinea<\/option><option value=\"Paraguay\"  class=\"choice-156 depth-1\"  >Paraguay<\/option><option value=\"Per\u00fa\"  class=\"choice-157 depth-1\"  >Per\u00fa<\/option><option value=\"Polonia\"  class=\"choice-158 depth-1\"  >Polonia<\/option><option value=\"Portugal\"  class=\"choice-159 depth-1\"  >Portugal<\/option><option value=\"Reino Unido\"  class=\"choice-160 depth-1\"  >Reino Unido<\/option><option value=\"Ruanda\"  class=\"choice-161 depth-1\"  >Ruanda<\/option><option value=\"Rumania \/ Ruman\u00eda\"  class=\"choice-162 depth-1\"  >Rumania \/ Ruman\u00eda<\/option><option value=\"Rusia\"  class=\"choice-163 depth-1\"  >Rusia<\/option><option value=\"Islas Salom\u00f3n\"  class=\"choice-164 depth-1\"  >Islas Salom\u00f3n<\/option><option value=\"Samoa\"  class=\"choice-165 depth-1\"  >Samoa<\/option><option value=\"San Crist\u00f3bal y Nieves\"  class=\"choice-166 depth-1\"  >San Crist\u00f3bal y Nieves<\/option><option value=\"San Marino\"  class=\"choice-167 depth-1\"  >San Marino<\/option><option value=\"San Vicente y las Granadinas\"  class=\"choice-168 depth-1\"  >San Vicente y las Granadinas<\/option><option value=\"Santa Luc\u00eda\"  class=\"choice-169 depth-1\"  >Santa Luc\u00eda<\/option><option value=\"Santo Tom\u00e9 y Pr\u00edncipe\"  class=\"choice-170 depth-1\"  >Santo Tom\u00e9 y Pr\u00edncipe<\/option><option value=\"Senegal\"  class=\"choice-171 depth-1\"  >Senegal<\/option><option value=\"Serbia\"  class=\"choice-172 depth-1\"  >Serbia<\/option><option value=\"Seychelles\"  class=\"choice-173 depth-1\"  >Seychelles<\/option><option value=\"Sierra Leona\"  class=\"choice-174 depth-1\"  >Sierra Leona<\/option><option value=\"Singapur\"  class=\"choice-175 depth-1\"  >Singapur<\/option><option value=\"Siria\"  class=\"choice-176 depth-1\"  >Siria<\/option><option value=\"Somalia\"  class=\"choice-177 depth-1\"  >Somalia<\/option><option value=\"Sri Lanka\"  class=\"choice-178 depth-1\"  >Sri Lanka<\/option><option value=\"Suazilandia \/ Esuatini\"  class=\"choice-179 depth-1\"  >Suazilandia \/ Esuatini<\/option><option value=\"Sud\u00e1frica\"  class=\"choice-180 depth-1\"  >Sud\u00e1frica<\/option><option value=\"Sud\u00e1n\"  class=\"choice-181 depth-1\"  >Sud\u00e1n<\/option><option value=\"Sud\u00e1n del Sur\"  class=\"choice-182 depth-1\"  >Sud\u00e1n del Sur<\/option><option value=\"Suecia\"  class=\"choice-183 depth-1\"  >Suecia<\/option><option value=\"Suiza\"  class=\"choice-184 depth-1\"  >Suiza<\/option><option value=\"Surinam\"  class=\"choice-185 depth-1\"  >Surinam<\/option><option value=\"Tailandia\"  class=\"choice-186 depth-1\"  >Tailandia<\/option><option value=\"Tanzania\"  class=\"choice-187 depth-1\"  >Tanzania<\/option><option value=\"Tayikist\u00e1n\"  class=\"choice-188 depth-1\"  >Tayikist\u00e1n<\/option><option value=\"Timor Oriental\"  class=\"choice-189 depth-1\"  >Timor Oriental<\/option><option value=\"Togo\"  class=\"choice-190 depth-1\"  >Togo<\/option><option value=\"Tonga\"  class=\"choice-191 depth-1\"  >Tonga<\/option><option value=\"Trinidad y Tobago\"  class=\"choice-192 depth-1\"  >Trinidad y Tobago<\/option><option value=\"T\u00fanez\"  class=\"choice-193 depth-1\"  >T\u00fanez<\/option><option value=\"Turkmenist\u00e1n\"  class=\"choice-194 depth-1\"  >Turkmenist\u00e1n<\/option><option value=\"Turqu\u00eda\"  class=\"choice-195 depth-1\"  >Turqu\u00eda<\/option><option value=\"Tuvalu\"  class=\"choice-196 depth-1\"  >Tuvalu<\/option><option value=\"Ucrania\"  class=\"choice-197 depth-1\"  >Ucrania<\/option><option value=\"Uganda\"  class=\"choice-198 depth-1\"  >Uganda<\/option><option value=\"Uruguay\"  class=\"choice-199 depth-1\"  >Uruguay<\/option><option value=\"Uzbekist\u00e1n\"  class=\"choice-200 depth-1\"  >Uzbekist\u00e1n<\/option><option value=\"Vanuatu\"  class=\"choice-201 depth-1\"  >Vanuatu<\/option><option value=\"Ciudad del Vaticano\"  class=\"choice-202 depth-1\"  >Ciudad del Vaticano<\/option><option value=\"Venezuela\"  class=\"choice-203 depth-1\"  >Venezuela<\/option><option value=\"Vietnam\"  class=\"choice-204 depth-1\"  >Vietnam<\/option><option value=\"Yemen\"  class=\"choice-205 depth-1\"  >Yemen<\/option><option value=\"Yibuti\"  class=\"choice-206 depth-1\"  >Yibuti<\/option><option value=\"Zambia\"  class=\"choice-207 depth-1\"  >Zambia<\/option><option value=\"Zimbabue\"  class=\"choice-208 depth-1\"  >Zimbabue<\/option><\/select><\/div><div id=\"wpforms-2423-field_6-container\" class=\"wpforms-field wpforms-field-textarea\" data-field-id=\"6\"><label class=\"wpforms-field-label\" for=\"wpforms-2423-field_6\">Mensaje <span class=\"wpforms-required-label\">*<\/span><\/label><textarea id=\"wpforms-2423-field_6\" class=\"wpforms-field-large wpforms-field-required\" name=\"wpforms[fields][6]\" required><\/textarea><\/div><div id=\"wpforms-2423-field_7-container\" class=\"wpforms-field wpforms-field-checkbox\" data-field-id=\"7\"><label class=\"wpforms-field-label wpforms-label-hide\"> <\/label><ul id=\"wpforms-2423-field_7\"><li class=\"choice-1 depth-1\"><input type=\"checkbox\" id=\"wpforms-2423-field_7_1\" name=\"wpforms[fields][7][]\" value=\"Acepto recibir otras comunicaciones de Benitomo.\"  ><label class=\"wpforms-field-label-inline\" for=\"wpforms-2423-field_7_1\">Acepto recibir otras comunicaciones de Benitomo.<\/label><\/li><\/ul><\/div><\/div><!-- .wpforms-field-container --><div class=\"wpforms-recaptcha-container wpforms-is-recaptcha wpforms-is-recaptcha-type-v3\" ><input type=\"hidden\" name=\"wpforms[recaptcha]\" value=\"\"><\/div><div class=\"wpforms-submit-container\" ><input type=\"hidden\" name=\"wpforms[id]\" value=\"2423\"><input type=\"hidden\" name=\"page_title\" value=\"\"><input type=\"hidden\" name=\"page_url\" value=\"https:\/\/benitomo.com\/en\/wp-json\/wp\/v2\/pages\/19\"><input type=\"hidden\" name=\"url_referer\" value=\"\"><button type=\"submit\" name=\"wpforms[submit]\" id=\"wpforms-submit-2423\" class=\"wpforms-submit\" data-alt-text=\"Enviando...\" data-submit-text=\"Enviar\" aria-live=\"assertive\" value=\"wpforms-submit\">Enviar<\/button><img decoding=\"async\" src=\"https:\/\/benitomo.com\/wp-content\/plugins\/wpforms-lite\/assets\/images\/submit-spin.svg\" class=\"wpforms-submit-spinner\" style=\"display: none;\" width=\"26\" height=\"26\" alt=\"Loading\"><\/div><\/form><\/div>  <!-- .wpforms-container -->\t\t\t\t<\/div>\n\t\t\t\t<\/div>\n\t\t\t\t<div class=\"elementor-element elementor-element-065ddc1 elementor-widget elementor-widget-text-editor\" data-id=\"065ddc1\" data-element_type=\"widget\" data-e-type=\"widget\" data-widget_type=\"text-editor.default\">\n\t\t\t\t<div class=\"elementor-widget-container\">\n\t\t\t\t\t\t\t\t\t<div class=\"hs-richtext\" data-reactid=\".hbspt-forms-0.2.0.0\"><p>Benitomo se compromete a proteger y respetar tu privacidad, y solo usaremos tu informaci\u00f3n personal para administrar tu cuenta y proporcionar los productos y servicios que nos solicitaste. De vez en cuando, nos gustar\u00eda ponernos en contacto contigo acerca de nuestros productos y servicios, as\u00ed como sobre otros contenidos que puedan interesarte. Si aceptas que nos comuniquemos contigo para este fin, marca la casilla a continuaci\u00f3n para indicar c\u00f3mo deseas que nos comuniquemos:<\/p><\/div><div class=\"hs-richtext\" data-reactid=\".hbspt-forms-0.2.0.2\"><p>Puedes darte de baja de estas comunicaciones en cualquier momento. Para obtener m\u00e1s informaci\u00f3n sobre c\u00f3mo darte de baja, nuestras pr\u00e1cticas de privacidad y c\u00f3mo nos comprometemos a proteger y respetar tu privacidad, consulta nuestra Pol\u00edtica de privacidad.<\/p><\/div><div class=\"hs-richtext\" data-reactid=\".hbspt-forms-0.2.0.3\"><p>Al hacer clic en Enviar, aceptas que Benitomo almacene y procese la informaci\u00f3n personal suministrada arriba para proporcionarte el contenido solicitado.<\/p><\/div>\t\t\t\t\t\t\t\t<\/div>\n\t\t\t\t<\/div>\n\t\t\t\t\t<\/div>\n\t\t<\/div>\n\t\t\t\t\t<\/div>\n\t\t<\/section>\n\t\t\t\t<\/div>\n\t\t","protected":false},"excerpt":{"rendered":"<p>CONTACTO DILIGENCIA ESTOS DATOS Y ENV\u00cdA TUS INQUIETUDES Benitomo se compromete a proteger y respetar tu privacidad, y solo usaremos tu informaci\u00f3n personal para administrar tu cuenta y proporcionar los productos y servicios que nos solicitaste. De vez en cuando, nos gustar\u00eda ponernos en contacto contigo acerca de nuestros productos y servicios, as\u00ed como sobre [&hellip;]<\/p>\n","protected":false},"author":1,"featured_media":0,"parent":0,"menu_order":0,"comment_status":"closed","ping_status":"closed","template":"elementor_header_footer","meta":{"footnotes":""},"class_list":["post-19","page","type-page","status-publish","hentry"],"aioseo_notices":[],"_links":{"self":[{"href":"https:\/\/benitomo.com\/en\/wp-json\/wp\/v2\/pages\/19","targetHints":{"allow":["GET"]}}],"collection":[{"href":"https:\/\/benitomo.com\/en\/wp-json\/wp\/v2\/pages"}],"about":[{"href":"https:\/\/benitomo.com\/en\/wp-json\/wp\/v2\/types\/page"}],"author":[{"embeddable":true,"href":"https:\/\/benitomo.com\/en\/wp-json\/wp\/v2\/users\/1"}],"replies":[{"embeddable":true,"href":"https:\/\/benitomo.com\/en\/wp-json\/wp\/v2\/comments?post=19"}],"version-history":[{"count":201,"href":"https:\/\/benitomo.com\/en\/wp-json\/wp\/v2\/pages\/19\/revisions"}],"predecessor-version":[{"id":13471,"href":"https:\/\/benitomo.com\/en\/wp-json\/wp\/v2\/pages\/19\/revisions\/13471"}],"wp:attachment":[{"href":"https:\/\/benitomo.com\/en\/wp-json\/wp\/v2\/media?parent=19"}],"curies":[{"name":"wp","href":"https:\/\/api.w.org\/{rel}","templated":true}]}}