{"id":7,"date":"2021-12-23T03:26:40","date_gmt":"2021-12-23T03:26:40","guid":{"rendered":"http:\/\/benitomo.com\/?page_id=7"},"modified":"2025-10-08T15:07:17","modified_gmt":"2025-10-08T20:07:17","slug":"somos","status":"publish","type":"page","link":"https:\/\/benitomo.com\/en\/","title":{"rendered":"About us"},"content":{"rendered":"<div data-elementor-type=\"wp-page\" data-elementor-id=\"7\" class=\"elementor elementor-7\" data-elementor-post-type=\"page\">\n\t\t\t\t\t\t<section class=\"elementor-section elementor-top-section elementor-element elementor-element-53aaf7a elementor-section-full_width elementor-section-height-default elementor-section-height-default\" data-id=\"53aaf7a\" data-element_type=\"section\" data-e-type=\"section\" data-settings=\"{&quot;background_background&quot;:&quot;classic&quot;}\">\n\t\t\t\t\t\t<div class=\"elementor-container elementor-column-gap-default\">\n\t\t\t\t\t<div class=\"elementor-column elementor-col-100 elementor-top-column elementor-element elementor-element-488beca\" data-id=\"488beca\" data-element_type=\"column\" data-e-type=\"column\">\n\t\t\t<div class=\"elementor-widget-wrap elementor-element-populated\">\n\t\t\t\t\t\t<div class=\"elementor-element elementor-element-b94743d elementor--h-position-center elementor--v-position-middle elementor-arrows-position-inside elementor-pagination-position-inside elementor-widget elementor-widget-slides\" data-id=\"b94743d\" data-element_type=\"widget\" data-e-type=\"widget\" data-settings=\"{&quot;navigation&quot;:&quot;both&quot;,&quot;autoplay&quot;:&quot;yes&quot;,&quot;pause_on_hover&quot;:&quot;yes&quot;,&quot;pause_on_interaction&quot;:&quot;yes&quot;,&quot;autoplay_speed&quot;:5000,&quot;infinite&quot;:&quot;yes&quot;,&quot;transition&quot;:&quot;slide&quot;,&quot;transition_speed&quot;:500}\" data-widget_type=\"slides.default\">\n\t\t\t\t<div class=\"elementor-widget-container\">\n\t\t\t\t\t\t\t\t\t<div class=\"elementor-swiper\">\n\t\t\t\t\t<div class=\"elementor-slides-wrapper elementor-main-swiper swiper\" role=\"region\" aria-roledescription=\"carousel\" aria-label=\"Diapositivas\" dir=\"ltr\" data-animation=\"fadeInUp\">\n\t\t\t\t<div class=\"swiper-wrapper elementor-slides\">\n\t\t\t\t\t\t\t\t\t\t<div class=\"elementor-repeater-item-98ac319 swiper-slide\" role=\"group\" aria-roledescription=\"slide\"><div class=\"swiper-slide-bg\" role=\"img\" aria-label=\"BT-24hr-Wallpaper\"><\/div><div class=\"swiper-slide-inner\" ><div class=\"swiper-slide-contents\"><\/div><\/div><\/div><div class=\"elementor-repeater-item-d4c11d2 swiper-slide\" role=\"group\" aria-roledescription=\"slide\"><div class=\"swiper-slide-bg\" role=\"img\" aria-label=\"Header y footer tratauto-02\"><\/div><div class=\"swiper-slide-inner\" ><div class=\"swiper-slide-contents\"><\/div><\/div><\/div><div class=\"elementor-repeater-item-0e51bd8 swiper-slide\" role=\"group\" aria-roledescription=\"slide\"><div class=\"swiper-slide-bg\" role=\"img\" aria-label=\"BANNER K&amp;N AUTOS\"><\/div><div class=\"swiper-slide-inner\" ><div class=\"swiper-slide-contents\"><\/div><\/div><\/div><div class=\"elementor-repeater-item-f702981 swiper-slide\" role=\"group\" aria-roledescription=\"slide\"><div class=\"swiper-slide-bg\" role=\"img\" aria-label=\"BANNER K&amp;N MOTOS\"><\/div><div class=\"swiper-slide-inner\" ><div class=\"swiper-slide-contents\"><\/div><\/div><\/div><div class=\"elementor-repeater-item-8775be9 swiper-slide\" role=\"group\" aria-roledescription=\"slide\"><div class=\"swiper-slide-bg\" role=\"img\" aria-label=\"BANNER HENGST BENITOMO_Mesa de trabajo 1\"><\/div><a class=\"swiper-slide-inner\" href=\"https:\/\/benitomo.com\/wp-content\/uploads\/2024\/01\/Filtros-Hengst_BajaResolucion.pdf\" target=\"_blank\"><div class=\"swiper-slide-contents\"><\/div><\/a><\/div><div class=\"elementor-repeater-item-02d79b6 swiper-slide\" role=\"group\" aria-roledescription=\"slide\"><div class=\"swiper-slide-bg\" role=\"img\" aria-label=\"VISUAL BANNER ICHIMAX\"><\/div><a class=\"swiper-slide-inner\" href=\"https:\/\/benitomo.com\/wp-content\/uploads\/2023\/07\/LISTADO-PASTILLAS-ICHIMAX.pdf\" target=\"_blank\"><div class=\"swiper-slide-contents\"><\/div><\/a><\/div><div class=\"elementor-repeater-item-827152a swiper-slide\" role=\"group\" aria-roledescription=\"slide\"><div class=\"swiper-slide-bg\" role=\"img\" aria-label=\"BANNER WEB PASTILLAS ICHIBAN _Mesa de trabajo 1\"><\/div><a class=\"swiper-slide-inner\" href=\"https:\/\/benitomo.com\/wp-content\/uploads\/2023\/07\/LISTADO-DE-REFERENCIAS-DE-ICHIBAN-.pdf\" target=\"_blank\"><div class=\"swiper-slide-contents\"><\/div><\/a><\/div><div class=\"elementor-repeater-item-97c9f06 swiper-slide\" role=\"group\" aria-roledescription=\"slide\"><div class=\"swiper-slide-bg\" role=\"img\" aria-label=\"BANNER WEB PASTILLAS HIQ -01\"><\/div><a class=\"swiper-slide-inner\" href=\"https:\/\/benitomo.com\/wp-content\/uploads\/2023\/07\/LISTADADO-PASTILLAS-HI-Q.pdf\" target=\"_blank\"><div class=\"swiper-slide-contents\"><\/div><\/a><\/div><div class=\"elementor-repeater-item-a7b0382 swiper-slide\" role=\"group\" aria-roledescription=\"slide\"><div class=\"swiper-slide-bg\" role=\"img\" aria-label=\"BANNER WEB COMUNICACI\u00d3N RELANZAMIENTO\"><\/div><a class=\"swiper-slide-inner\" href=\"https:\/\/benitomo.com\/en\/shibumi-resurge\/\" target=\"_blank\"><div class=\"swiper-slide-contents\"><\/div><\/a><\/div><div class=\"elementor-repeater-item-6771445 swiper-slide\" role=\"group\" aria-roledescription=\"slide\"><div class=\"swiper-slide-bg\" role=\"img\" aria-label=\"BANNER VALEO BENITOMO_Mesa de trabajo 1\"><\/div><a class=\"swiper-slide-inner\" href=\"https:\/\/benitomo.com\/en\/guia-de-diagnostico-para-embragues\/\" target=\"_blank\"><div class=\"swiper-slide-contents\"><\/div><\/a><\/div><div class=\"elementor-repeater-item-64ac8c9 swiper-slide\" role=\"group\" aria-roledescription=\"slide\"><div class=\"swiper-slide-bg\" role=\"img\" aria-label=\"BANNER HENGST BENITOMO-02\"><\/div><a class=\"swiper-slide-inner\" href=\"\/en\/benitomo\/portafolio-autopartes\/\"><div class=\"swiper-slide-contents\"><div class=\"elementor-slide-heading\">AUTO <strong>PARTS<\/strong><\/div><\/div><\/a><\/div><div class=\"elementor-repeater-item-ac4a135 swiper-slide\" role=\"group\" aria-roledescription=\"slide\"><div class=\"swiper-slide-bg\" role=\"img\" aria-label=\"BANNER HENGST BENITOMO-03\"><\/div><a class=\"swiper-slide-inner\" href=\"\/en\/benitomo\/portafolio-motopartes\/\"><div class=\"swiper-slide-contents\"><div class=\"elementor-slide-heading\">MOTORCYCLE <strong>PARTS<\/strong><\/div><\/div><\/a><\/div><div class=\"elementor-repeater-item-5e50e3b swiper-slide\" role=\"group\" aria-roledescription=\"slide\"><div class=\"swiper-slide-bg\" role=\"img\" aria-label=\"BANNER HENGST BENITOMO-04\"><\/div><a class=\"swiper-slide-inner\" href=\"\/en\/benitomo\/portafolio-vehiculos-comerciales-y-pesados\/\"><div class=\"swiper-slide-contents\"><div class=\"elementor-slide-heading translation-block\"><strong>COMMERCIAL<\/strong> AND <br>HEAVY DUTY VEHICLE SPARE PARTS<\/div><\/div><\/a><\/div><div class=\"elementor-repeater-item-62101ce swiper-slide\" role=\"group\" aria-roledescription=\"slide\"><div class=\"swiper-slide-bg\" role=\"img\" aria-label=\"banner10\"><\/div><a class=\"swiper-slide-inner\" href=\"\/en\/benitomo\/novedades\/\"><div class=\"swiper-slide-contents\"><div class=\"elementor-slide-heading\"><strong>24 <\/strong>HOURS<\/div><\/div><\/a><\/div><div class=\"elementor-repeater-item-587392a swiper-slide\" role=\"group\" aria-roledescription=\"slide\"><div class=\"swiper-slide-bg\" role=\"img\" aria-label=\"banner6\"><\/div><a class=\"swiper-slide-inner\" href=\"\/en\/benitomo\/contacto\/\"><div class=\"swiper-slide-contents\"><div class=\"elementor-slide-heading\">CONTACT<\/div><\/div><\/a><\/div>\t\t\t\t<\/div>\n\t\t\t\t\t\t\t\t\t\t\t\t\t\t\t<div class=\"elementor-swiper-button elementor-swiper-button-prev\" role=\"button\" tabindex=\"0\" aria-label=\"Diapositiva anterior\">\n\t\t\t\t\t\t\t<i aria-hidden=\"true\" class=\"eicon-chevron-left\"><\/i>\t\t\t\t\t\t<\/div>\n\t\t\t\t\t\t<div class=\"elementor-swiper-button elementor-swiper-button-next\" role=\"button\" tabindex=\"0\" aria-label=\"Diapositiva siguiente\">\n\t\t\t\t\t\t\t<i aria-hidden=\"true\" class=\"eicon-chevron-right\"><\/i>\t\t\t\t\t\t<\/div>\n\t\t\t\t\t\t\t\t\t\t\t\t\t\t\t\t<div class=\"swiper-pagination\"><\/div>\n\t\t\t\t\t\t\t\t\t\t\t\t<\/div>\n\t\t\t\t<\/div>\n\t\t\t\t\t\t\t\t<\/div>\n\t\t\t\t<\/div>\n\t\t\t\t\t<\/div>\n\t\t<\/div>\n\t\t\t\t\t<\/div>\n\t\t<\/section>\n\t\t\t\t<section class=\"elementor-section elementor-top-section elementor-element elementor-element-a065a5e elementor-section-boxed elementor-section-height-default elementor-section-height-default\" data-id=\"a065a5e\" data-element_type=\"section\" data-e-type=\"section\" data-settings=\"{&quot;background_background&quot;:&quot;classic&quot;}\">\n\t\t\t\t\t\t<div class=\"elementor-container elementor-column-gap-default\">\n\t\t\t\t\t<div class=\"elementor-column elementor-col-50 elementor-top-column elementor-element elementor-element-2c83480\" data-id=\"2c83480\" data-element_type=\"column\" data-e-type=\"column\">\n\t\t\t<div class=\"elementor-widget-wrap elementor-element-populated\">\n\t\t\t\t\t\t<div class=\"elementor-element elementor-element-f8dc9b9 elementor-widget elementor-widget-heading\" data-id=\"f8dc9b9\" data-element_type=\"widget\" data-e-type=\"widget\" data-widget_type=\"heading.default\">\n\t\t\t\t<div class=\"elementor-widget-container\">\n\t\t\t\t\t<h2 class=\"elementor-heading-title elementor-size-default\">BENITOMO<\/h2>\t\t\t\t<\/div>\n\t\t\t\t<\/div>\n\t\t\t\t<div class=\"elementor-element elementor-element-5c8173b elementor-widget elementor-widget-heading\" data-id=\"5c8173b\" data-element_type=\"widget\" data-e-type=\"widget\" data-widget_type=\"heading.default\">\n\t\t\t\t<div class=\"elementor-widget-container\">\n\t\t\t\t\t<h2 class=\"elementor-heading-title elementor-size-default\">We contribute to progress by ensuring people's mobility\n<\/h2>\t\t\t\t<\/div>\n\t\t\t\t<\/div>\n\t\t\t\t<div class=\"elementor-element elementor-element-b55f197 elementor-widget elementor-widget-text-editor\" data-id=\"b55f197\" data-element_type=\"widget\" data-e-type=\"widget\" data-widget_type=\"text-editor.default\">\n\t\t\t\t<div class=\"elementor-widget-container\">\n\t\t\t\t\t\t\t\t\t<p><span style=\"font-weight: 400;\">An oak with strong and deep roots was planted more than 30 years ago, it was fertilized with loyalty, precision, agility and professionalism. By spreading its branches, a robust oak manages to connect the regional market to supply it with availability, opportunity and competitiveness.\u00a0<\/span><\/p><p>\u00a0<\/p><p><span style=\"font-weight: 400;\">Therefore, BENITOMO has established itself as an importer and distributor of world-class brands of spare parts for cars, motorcycles, commercial and heavy duty vehicles. Benitomo\u00b4s value proposition is to offer high-quality products and services supported by professional human talent, powered by technological and logistics platforms specialized in vehicle spare parts commercialization. An entire infrastructure strategically located in Panama at the Colon Free Trade Zone to meet the needs of its partners in Central America, the Caribbean and South American, leaving a footprint.<\/span><\/p>\t\t\t\t\t\t\t\t<\/div>\n\t\t\t\t<\/div>\n\t\t\t\t<section class=\"elementor-section elementor-inner-section elementor-element elementor-element-a77bebf elementor-section-boxed elementor-section-height-default elementor-section-height-default\" data-id=\"a77bebf\" data-element_type=\"section\" data-e-type=\"section\">\n\t\t\t\t\t\t<div class=\"elementor-container elementor-column-gap-default\">\n\t\t\t\t\t<div class=\"elementor-column elementor-col-100 elementor-inner-column elementor-element elementor-element-ae883f7 btnsomos\" data-id=\"ae883f7\" data-element_type=\"column\" data-e-type=\"column\" data-settings=\"{&quot;background_background&quot;:&quot;classic&quot;}\">\n\t\t\t<div class=\"elementor-widget-wrap elementor-element-populated\">\n\t\t\t\t\t\t\t<\/div>\n\t\t<\/div>\n\t\t\t\t\t<\/div>\n\t\t<\/section>\n\t\t\t\t\t<\/div>\n\t\t<\/div>\n\t\t\t\t<div class=\"elementor-column elementor-col-50 elementor-top-column elementor-element elementor-element-16b88da\" data-id=\"16b88da\" data-element_type=\"column\" data-e-type=\"column\">\n\t\t\t<div class=\"elementor-widget-wrap elementor-element-populated\">\n\t\t\t\t\t\t<div class=\"elementor-element elementor-element-2de8b19 elementor-widget elementor-widget-text-editor\" data-id=\"2de8b19\" data-element_type=\"widget\" data-e-type=\"widget\" data-widget_type=\"text-editor.default\">\n\t\t\t\t<div class=\"elementor-widget-container translation-block\">CORPORATE <strong>VIDEO<\/strong><\/div>\n\t\t\t\t<\/div>\n\t\t\t\t<section class=\"elementor-section elementor-inner-section elementor-element elementor-element-27a4d9e elementor-section-boxed elementor-section-height-default elementor-section-height-default\" data-id=\"27a4d9e\" data-element_type=\"section\" data-e-type=\"section\">\n\t\t\t\t\t\t<div class=\"elementor-container elementor-column-gap-default\">\n\t\t\t\t\t<div class=\"elementor-column elementor-col-100 elementor-inner-column elementor-element elementor-element-dc30573\" data-id=\"dc30573\" data-element_type=\"column\" data-e-type=\"column\" id=\"vid-espanol\">\n\t\t\t<div class=\"elementor-widget-wrap elementor-element-populated\">\n\t\t\t\t\t\t<div class=\"elementor-element elementor-element-a07c6d6 elementor-widget elementor-widget-video\" data-id=\"a07c6d6\" data-element_type=\"widget\" data-e-type=\"widget\" id=\"videoHome\" data-settings=\"{&quot;youtube_url&quot;:&quot;https:\\\/\\\/www.youtube.com\\\/watch?v=8hvwEaEgOrM&quot;,&quot;video_type&quot;:&quot;youtube&quot;,&quot;controls&quot;:&quot;yes&quot;}\" data-widget_type=\"video.default\">\n\t\t\t\t<div class=\"elementor-widget-container\">\n\t\t\t\t\t\t\t<div class=\"elementor-wrapper elementor-open-inline\">\n\t\t\t<div class=\"elementor-video\"><\/div>\t\t<\/div>\n\t\t\t\t\t\t<\/div>\n\t\t\t\t<\/div>\n\t\t\t\t\t<\/div>\n\t\t<\/div>\n\t\t\t\t\t<\/div>\n\t\t<\/section>\n\t\t\t\t<section class=\"elementor-section elementor-inner-section elementor-element elementor-element-a560710 elementor-section-boxed elementor-section-height-default elementor-section-height-default\" data-id=\"a560710\" data-element_type=\"section\" data-e-type=\"section\">\n\t\t\t\t\t\t<div class=\"elementor-container elementor-column-gap-default\">\n\t\t\t\t\t<div class=\"elementor-column elementor-col-100 elementor-inner-column elementor-element elementor-element-335100f\" data-id=\"335100f\" data-element_type=\"column\" data-e-type=\"column\" id=\"vid-ingles\">\n\t\t\t<div class=\"elementor-widget-wrap elementor-element-populated\">\n\t\t\t\t\t\t<div class=\"elementor-element elementor-element-ec089cf elementor-widget elementor-widget-video\" data-id=\"ec089cf\" data-element_type=\"widget\" data-e-type=\"widget\" data-settings=\"{&quot;youtube_url&quot;:&quot;https:\\\/\\\/www.youtube.com\\\/watch?v=2bg1lx7ga80&quot;,&quot;video_type&quot;:&quot;youtube&quot;,&quot;controls&quot;:&quot;yes&quot;}\" data-widget_type=\"video.default\">\n\t\t\t\t<div class=\"elementor-widget-container\">\n\t\t\t\t\t\t\t<div class=\"elementor-wrapper elementor-open-inline\">\n\t\t\t<div class=\"elementor-video\"><\/div>\t\t<\/div>\n\t\t\t\t\t\t<\/div>\n\t\t\t\t<\/div>\n\t\t\t\t\t<\/div>\n\t\t<\/div>\n\t\t\t\t\t<\/div>\n\t\t<\/section>\n\t\t\t\t\t<\/div>\n\t\t<\/div>\n\t\t\t\t\t<\/div>\n\t\t<\/section>\n\t\t\t\t<section class=\"elementor-section elementor-top-section elementor-element elementor-element-b1e54fc elementor-section-boxed elementor-section-height-default elementor-section-height-default\" data-id=\"b1e54fc\" data-element_type=\"section\" data-e-type=\"section\" data-settings=\"{&quot;background_background&quot;:&quot;classic&quot;}\">\n\t\t\t\t\t\t<div class=\"elementor-container elementor-column-gap-default\">\n\t\t\t\t\t<div class=\"elementor-column elementor-col-50 elementor-top-column elementor-element elementor-element-78c97c6\" data-id=\"78c97c6\" data-element_type=\"column\" data-e-type=\"column\">\n\t\t\t<div class=\"elementor-widget-wrap elementor-element-populated\">\n\t\t\t\t\t\t<section class=\"elementor-section elementor-inner-section elementor-element elementor-element-4f04579 elementor-section-boxed elementor-section-height-default elementor-section-height-default\" data-id=\"4f04579\" data-element_type=\"section\" data-e-type=\"section\">\n\t\t\t\t\t\t<div class=\"elementor-container elementor-column-gap-default\">\n\t\t\t\t\t<div class=\"elementor-column elementor-col-100 elementor-inner-column elementor-element elementor-element-836c52e\" data-id=\"836c52e\" data-element_type=\"column\" data-e-type=\"column\">\n\t\t\t<div class=\"elementor-widget-wrap elementor-element-populated\">\n\t\t\t\t\t\t<div class=\"elementor-element elementor-element-db2e232 elementor-widget elementor-widget-heading\" data-id=\"db2e232\" data-element_type=\"widget\" data-e-type=\"widget\" data-widget_type=\"heading.default\">\n\t\t\t\t<div class=\"elementor-widget-container\">\n\t\t\t\t\t<h2 class=\"elementor-heading-title elementor-size-default translation-block\"><strong>Items<\/strong> Query<\/h2>\t\t\t\t<\/div>\n\t\t\t\t<\/div>\n\t\t\t\t\t<\/div>\n\t\t<\/div>\n\t\t\t\t\t<\/div>\n\t\t<\/section>\n\t\t\t\t<section class=\"elementor-section elementor-inner-section elementor-element elementor-element-e6eef5a elementor-section-boxed elementor-section-height-default elementor-section-height-default\" data-id=\"e6eef5a\" data-element_type=\"section\" data-e-type=\"section\">\n\t\t\t\t\t\t<div class=\"elementor-container elementor-column-gap-default\">\n\t\t\t\t\t<div class=\"elementor-column elementor-col-100 elementor-inner-column elementor-element elementor-element-23fcdcf\" data-id=\"23fcdcf\" data-element_type=\"column\" data-e-type=\"column\">\n\t\t\t<div class=\"elementor-widget-wrap elementor-element-populated\">\n\t\t\t\t\t\t<div class=\"elementor-element elementor-element-ad1bf7c elementor-widget elementor-widget-image\" data-id=\"ad1bf7c\" data-element_type=\"widget\" data-e-type=\"widget\" data-widget_type=\"image.default\">\n\t\t\t\t<div class=\"elementor-widget-container\">\n\t\t\t\t\t\t\t\t\t\t\t\t\t\t\t<img fetchpriority=\"high\" decoding=\"async\" width=\"500\" height=\"292\" src=\"https:\/\/benitomo.com\/wp-content\/uploads\/2022\/01\/usointernet.jpg\" class=\"attachment-full size-full wp-image-8296\" alt=\"\" srcset=\"https:\/\/benitomo.com\/wp-content\/uploads\/2022\/01\/usointernet.jpg 500w, https:\/\/benitomo.com\/wp-content\/uploads\/2022\/01\/usointernet-300x175.jpg 300w\" sizes=\"(max-width: 500px) 100vw, 500px\" \/>\t\t\t\t\t\t\t\t\t\t\t\t\t\t\t<\/div>\n\t\t\t\t<\/div>\n\t\t\t\t<div class=\"elementor-element elementor-element-5c6c2ba elementor-widget elementor-widget-text-editor\" data-id=\"5c6c2ba\" data-element_type=\"widget\" data-e-type=\"widget\" data-widget_type=\"text-editor.default\">\n\t\t\t\t<div class=\"elementor-widget-container translation-block\">Here you will find all the products of <strong>Benitomo World<\/strong>. You can search using our selections or you can search by Product Reference \/ Description. <strong><a class=\"linkhome\" href=\"https:\/\/pedidos.benitomo.com\/buscarItem\" target=\"_blank\" rel=\"noopener\">CLICK HERE!<\/a><\/strong><\/div>\n\t\t\t\t<\/div>\n\t\t\t\t\t<\/div>\n\t\t<\/div>\n\t\t\t\t\t<\/div>\n\t\t<\/section>\n\t\t\t\t\t<\/div>\n\t\t<\/div>\n\t\t\t\t<div class=\"elementor-column elementor-col-50 elementor-top-column elementor-element elementor-element-88ae988\" data-id=\"88ae988\" data-element_type=\"column\" data-e-type=\"column\">\n\t\t\t<div class=\"elementor-widget-wrap elementor-element-populated\">\n\t\t\t\t\t\t<section class=\"elementor-section elementor-inner-section elementor-element elementor-element-2102f81 elementor-section-boxed elementor-section-height-default elementor-section-height-default\" data-id=\"2102f81\" data-element_type=\"section\" data-e-type=\"section\">\n\t\t\t\t\t\t<div class=\"elementor-container elementor-column-gap-default\">\n\t\t\t\t\t<div class=\"elementor-column elementor-col-100 elementor-inner-column elementor-element elementor-element-b170e0d\" data-id=\"b170e0d\" data-element_type=\"column\" data-e-type=\"column\">\n\t\t\t<div class=\"elementor-widget-wrap elementor-element-populated\">\n\t\t\t\t\t\t<div class=\"elementor-element elementor-element-9c3fffa elementor-widget elementor-widget-heading\" data-id=\"9c3fffa\" data-element_type=\"widget\" data-e-type=\"widget\" data-widget_type=\"heading.default\">\n\t\t\t\t<div class=\"elementor-widget-container\">\n\t\t\t\t\t<h2 class=\"elementor-heading-title elementor-size-default translation-block\">Our <strong> products<\/strong><\/h2>\t\t\t\t<\/div>\n\t\t\t\t<\/div>\n\t\t\t\t\t<\/div>\n\t\t<\/div>\n\t\t\t\t\t<\/div>\n\t\t<\/section>\n\t\t\t\t<section class=\"elementor-section elementor-inner-section elementor-element elementor-element-128ce99 elementor-section-boxed elementor-section-height-default elementor-section-height-default\" data-id=\"128ce99\" data-element_type=\"section\" data-e-type=\"section\">\n\t\t\t\t\t\t<div class=\"elementor-container elementor-column-gap-default\">\n\t\t\t\t\t<div class=\"elementor-column elementor-col-100 elementor-inner-column elementor-element elementor-element-735c0ed\" data-id=\"735c0ed\" data-element_type=\"column\" data-e-type=\"column\">\n\t\t\t<div class=\"elementor-widget-wrap elementor-element-populated\">\n\t\t\t\t\t\t<div class=\"elementor-element elementor-element-7efc302 elementor-widget elementor-widget-text-editor\" data-id=\"7efc302\" data-element_type=\"widget\" data-e-type=\"widget\" data-widget_type=\"text-editor.default\">\n\t\t\t\t<div class=\"elementor-widget-container\">\n\t\t\t\t\t\t\t\t\t<ul>\n \t<li><a class=\"productos\" href=\"\/en\/benitomo\/filtracion-auto-partes\/\" target=\"_blank\" rel=\"noopener\"> Filters and cooling parts<\/a><\/li>\n \t<li><a class=\"productos\" href=\"\/en\/benitomo\/frenos-auto-partes\/\" target=\"_blank\"> Brakes and Clutch Parts<\/a><\/li>\n \t<li><a class=\"productos\" href=\"\/en\/benitomo\/partes-para-motor-auto-partes\/\" target=\"_blank\" rel=\"noopener\">Engine parts<\/a><\/li>\n \t<li><a class=\"productos\" href=\"\/en\/benitomo\/partes-para-motor-moto-partes\/\" target=\"_blank\" rel=\"noopener\">Motorcycle and outboard parts<\/a><\/li>\n \t<li><a class=\"productos\" href=\"\/en\/benitomo\/partes-electricas-auto-partes\/\" target=\"_blank\" rel=\"noopener\">Electric parts<\/a><\/li>\n \t<li><a class=\"productos\" href=\"\/en\/benitomo\/rodamientos-auto-partes\/\" target=\"_blank\" rel=\"noopener\">Bearings<\/a><\/li>\n \t<li><a class=\"productos\" href=\"\/en\/benitomo\/suspension-y-direccion-autopartes\/\" target=\"_blank\" rel=\"noopener\">Suspension and Steering<\/a><\/li>\n \t<li><a class=\"productos\" href=\"\/en\/benitomo\/visibilidad-autopartes\/\" target=\"_blank\" rel=\"noopener\">Other parts<\/a><\/li>\n<\/ul>\t\t\t\t\t\t\t\t<\/div>\n\t\t\t\t<\/div>\n\t\t\t\t\t<\/div>\n\t\t<\/div>\n\t\t\t\t\t<\/div>\n\t\t<\/section>\n\t\t\t\t\t<\/div>\n\t\t<\/div>\n\t\t\t\t\t<\/div>\n\t\t<\/section>\n\t\t\t\t<\/div>","protected":false},"excerpt":{"rendered":"<p>AUTO PARTESMOTO PARTESPARTES VEH\u00cdCULOSCOMERCIALES Y PESADOS24 HORASCONTACTO BENITOMO \u00a1Contribuimos al progreso, asegurando la movilidad de las personas! Hace m\u00e1s de 30 a\u00f1os se plant\u00f3 un roble con ra\u00edces fuertes y profundas, abonado con lealtad, precisi\u00f3n, agilidad y profesionalismo. Un robusto roble que, al extender sus ramas, lograse conectar al mercado regional, para abastecerlo con disponibilidad, [&hellip;]<\/p>\n","protected":false},"author":1,"featured_media":0,"parent":0,"menu_order":0,"comment_status":"closed","ping_status":"closed","template":"elementor_header_footer","meta":{"footnotes":""},"class_list":["post-7","page","type-page","status-publish","hentry"],"aioseo_notices":[],"_links":{"self":[{"href":"https:\/\/benitomo.com\/en\/wp-json\/wp\/v2\/pages\/7","targetHints":{"allow":["GET"]}}],"collection":[{"href":"https:\/\/benitomo.com\/en\/wp-json\/wp\/v2\/pages"}],"about":[{"href":"https:\/\/benitomo.com\/en\/wp-json\/wp\/v2\/types\/page"}],"author":[{"embeddable":true,"href":"https:\/\/benitomo.com\/en\/wp-json\/wp\/v2\/users\/1"}],"replies":[{"embeddable":true,"href":"https:\/\/benitomo.com\/en\/wp-json\/wp\/v2\/comments?post=7"}],"version-history":[{"count":759,"href":"https:\/\/benitomo.com\/en\/wp-json\/wp\/v2\/pages\/7\/revisions"}],"predecessor-version":[{"id":13732,"href":"https:\/\/benitomo.com\/en\/wp-json\/wp\/v2\/pages\/7\/revisions\/13732"}],"wp:attachment":[{"href":"https:\/\/benitomo.com\/en\/wp-json\/wp\/v2\/media?parent=7"}],"curies":[{"name":"wp","href":"https:\/\/api.w.org\/{rel}","templated":true}]}}